{"id":3068,"date":"2014-02-19T10:17:46","date_gmt":"2014-02-19T10:17:46","guid":{"rendered":"http:\/\/verdia.beopenthemes.com\/?page_id=3068"},"modified":"2019-04-02T17:28:34","modified_gmt":"2019-04-02T17:28:34","slug":"faq","status":"publish","type":"page","link":"https:\/\/www.acertar.org.br\/acertar\/faq\/","title":{"rendered":"Perguntas &#038; Respostas"},"content":{"rendered":"<div class=\"vc_row wpb_row vc_row-fluid  \" ><div class=\"container\"><div class=\"row\">\n\t<div class=\"vc_col-sm-10 wpb_column vc_column_container\">\n\t\t<div class=\"wpb_wrapper\">\n\t\t\t\n\t<div class=\"wpb_text_column wpb_content_element \">\n\t\t<div class=\"wpb_wrapper\">\n\t\t\t<h3 class=\"alternative\">Blocos Cer\u00e2micos<\/h3>\n\n\t\t<\/div> \n\t<\/div> \n\t<div class=\"wpb_text_column wpb_content_element \">\n\t\t<div class=\"wpb_wrapper\">\n\t\t\t<div class=\"panel-group accordion\" id=\"accordion1\">\n<div class=\"panel panel-default\">\n<div class=\"panel-heading\">\n<h4 class=\"panel-title\"><a data-toggle=\"collapse\" data-parent=\"#accordion1\" href=\"#collapse1\"  >Quais s\u00e3o as normas da ABNT para os blocos cer\u00e2micos?<\/a><\/h4>\n<\/div>\n<div id=\"collapse1\" class=\"panel-collapse collapse  in\">\n<div class=\"panel-body\">As normas s\u00e3o:-<\/p>\n<p>ABNT NBR 15270-1:2017 \u2013 Referente ao produto, ou seja as caracter\u00edsticas dimensionais, de resist\u00eancia, absor\u00e7\u00e3o e demais informa\u00e7\u00f5es.<br \/>\nABNT NBR 15812\/2012 \u2013 Referente, na primeira parte ao calculo de alvenaria estrutural e na segunda execu\u00e7\u00e3o e controle de obra.<br \/>\nABNT NBR 15575\/2013 \u2013 Referente as\u00a0 condi\u00e7\u00f5es de desempenho das alvenarias, na parte 4\n<\/div>\n<\/div>\n<\/div>\n<div class=\"panel panel-default\">\n<div class=\"panel-heading\">\n<h4 class=\"panel-title\"><a data-toggle=\"collapse\" data-parent=\"#accordion1\" href=\"#collapse2\"  class=\"collapsed\"  >No que consiste a Alvenaria Estrutural?<\/a><\/h4>\n<\/div>\n<div id=\"collapse2\" class=\"panel-collapse collapse \">\n<div class=\"panel-body\">A Alvenaria Estrutural \u00e9 um conjunto de paredes ditas auto portantes, isto \u00e9, s\u00e3o feitas para receber cargas verticais. Neste sistema n\u00e3o se utiliza pilar nem vigas, seja de concreto ou outro material.<\/div>\n<\/div>\n<\/div>\n<div class=\"panel panel-default\">\n<div class=\"panel-heading\">\n<h4 class=\"panel-title\"><a data-toggle=\"collapse\" data-parent=\"#accordion1\" href=\"#collapse3\"  class=\"collapsed\"  >Quais os benef\u00edcios dos Blocos Cer\u00e2micos?<\/a><\/h4>\n<\/div>\n<div id=\"collapse3\" class=\"panel-collapse collapse \">\n<div class=\"panel-body\">Os principais benef\u00edcios dos Blocos Cer\u00e2micos s\u00e3o: o baixo peso, menor coeficiente de absor\u00e7\u00e3o, estanqueidade, isolamento t\u00e9rmico e ac\u00fastico, menor consumo de argamassa, resist\u00eancia, permite a aplica\u00e7\u00e3o de qualquer tipo de revestimento, al\u00e9m de ser um material ecologicamente sustent\u00e1vel.<\/div>\n<\/div>\n<\/div>\n<div class=\"panel panel-default\">\n<div class=\"panel-heading\">\n<h4 class=\"panel-title\"><a data-toggle=\"collapse\" data-parent=\"#accordion1\" href=\"#collapse4\"  class=\"collapsed\"  >No que consiste a Alvenaria Racionalizada?<\/a><\/h4>\n<\/div>\n<div id=\"collapse4\" class=\"panel-collapse collapse \">\n<div class=\"panel-body\">A Alvenaria Racionalizada tem como princ\u00edpio o projeto das paredes integrado a todos os demais projetos da obra: estrutura, instala\u00e7\u00f5es el\u00e9tricas e de comunica\u00e7\u00e3o, instala\u00e7\u00f5es hidrossanit\u00e1rias, revestimento, impermeabiliza\u00e7\u00e3o e esquadrias. A Alvenaria Racionalizada reduz custos, elimina desperd\u00edcios e eleva a qualidade final da constru\u00e7\u00e3o.<\/div>\n<\/div>\n<\/div>\n<\/div>\n\n\t\t<\/div> \n\t<\/div> <div class=\"vc_empty_space\"  style=\"height: 10px\" ><span class=\"vc_empty_space_inner\"><\/span><\/div>\n\n\n\t\t<\/div> \n\t<\/div> \n\n\t<div class=\"vc_col-sm-2 wpb_column vc_column_container\">\n\t\t<div class=\"wpb_wrapper\">\n\t\t\t\n\t<div class=\"wpb_text_column wpb_content_element \">\n\t\t<div class=\"wpb_wrapper\">\n\t\t\t<p><\/p>\n\n\t\t<\/div> \n\t<\/div> \n\t\t<\/div> \n\t<\/div> \n<\/div><\/div><\/div>\n","protected":false},"excerpt":{"rendered":"Blocos Cer\u00e2micos Quais s\u00e3o as normas da ABNT para os blocos cer\u00e2micos? As normas s\u00e3o:- ABNT NBR 15270-1:2017 \u2013 Referente ao produto, ou seja as caracter\u00edsticas dimensionais, de resist\u00eancia, absor\u00e7\u00e3o...","protected":false},"author":1,"featured_media":0,"parent":0,"menu_order":0,"comment_status":"open","ping_status":"open","template":"template-page-full.php","meta":{"footnotes":""},"yoast_head":"<!-- This site is optimized with the Yoast SEO plugin v22.8 - https:\/\/yoast.com\/wordpress\/plugins\/seo\/ -->\n<title>Perguntas &amp; Respostas - Bloco Ceramico-Tijolo-Telha-Laje-SP<\/title>\n<meta name=\"robots\" content=\"index, follow, max-snippet:-1, max-image-preview:large, max-video-preview:-1\" \/>\n<link rel=\"canonical\" href=\"https:\/\/www.acertar.org.br\/acertar\/faq\/\" \/>\n<meta property=\"og:locale\" content=\"pt_BR\" \/>\n<meta property=\"og:type\" content=\"article\" \/>\n<meta property=\"og:title\" content=\"Perguntas &amp; Respostas - Bloco Ceramico-Tijolo-Telha-Laje-SP\" \/>\n<meta property=\"og:url\" content=\"https:\/\/www.acertar.org.br\/acertar\/faq\/\" \/>\n<meta property=\"og:site_name\" content=\"Bloco Ceramico-Tijolo-Telha-Laje-SP\" \/>\n<meta property=\"article:modified_time\" content=\"2019-04-02T17:28:34+00:00\" \/>\n<meta name=\"twitter:label1\" content=\"Est. tempo de leitura\" \/>\n\t<meta name=\"twitter:data1\" content=\"1 minuto\" \/>\n<script type=\"application\/ld+json\" class=\"yoast-schema-graph\">{\"@context\":\"https:\/\/schema.org\",\"@graph\":[{\"@type\":\"WebPage\",\"@id\":\"https:\/\/www.acertar.org.br\/acertar\/faq\/\",\"url\":\"https:\/\/www.acertar.org.br\/acertar\/faq\/\",\"name\":\"Perguntas & Respostas - Bloco Ceramico-Tijolo-Telha-Laje-SP\",\"isPartOf\":{\"@id\":\"https:\/\/www.acertar.org.br\/acertar\/#website\"},\"datePublished\":\"2014-02-19T10:17:46+00:00\",\"dateModified\":\"2019-04-02T17:28:34+00:00\",\"breadcrumb\":{\"@id\":\"https:\/\/www.acertar.org.br\/acertar\/faq\/#breadcrumb\"},\"inLanguage\":\"pt-BR\",\"potentialAction\":[{\"@type\":\"ReadAction\",\"target\":[\"https:\/\/www.acertar.org.br\/acertar\/faq\/\"]}]},{\"@type\":\"BreadcrumbList\",\"@id\":\"https:\/\/www.acertar.org.br\/acertar\/faq\/#breadcrumb\",\"itemListElement\":[{\"@type\":\"ListItem\",\"position\":1,\"name\":\"In\u00edcio\",\"item\":\"https:\/\/www.acertar.org.br\/acertar\/\"},{\"@type\":\"ListItem\",\"position\":2,\"name\":\"Perguntas &#038; Respostas\"}]},{\"@type\":\"WebSite\",\"@id\":\"https:\/\/www.acertar.org.br\/acertar\/#website\",\"url\":\"https:\/\/www.acertar.org.br\/acertar\/\",\"name\":\"Bloco Ceramico-Tijolo-Telha-Laje-SP\",\"description\":\"Associa\u00e7\u00e3o das Cer\u00e2micas de Tatu\u00ed e Regi\u00e3o\",\"potentialAction\":[{\"@type\":\"SearchAction\",\"target\":{\"@type\":\"EntryPoint\",\"urlTemplate\":\"https:\/\/www.acertar.org.br\/acertar\/?s={search_term_string}\"},\"query-input\":\"required name=search_term_string\"}],\"inLanguage\":\"pt-BR\"}]}<\/script>\n<!-- \/ Yoast SEO plugin. -->","yoast_head_json":{"title":"Perguntas & Respostas - Bloco Ceramico-Tijolo-Telha-Laje-SP","robots":{"index":"index","follow":"follow","max-snippet":"max-snippet:-1","max-image-preview":"max-image-preview:large","max-video-preview":"max-video-preview:-1"},"canonical":"https:\/\/www.acertar.org.br\/acertar\/faq\/","og_locale":"pt_BR","og_type":"article","og_title":"Perguntas & Respostas - Bloco Ceramico-Tijolo-Telha-Laje-SP","og_url":"https:\/\/www.acertar.org.br\/acertar\/faq\/","og_site_name":"Bloco Ceramico-Tijolo-Telha-Laje-SP","article_modified_time":"2019-04-02T17:28:34+00:00","twitter_misc":{"Est. tempo de leitura":"1 minuto"},"schema":{"@context":"https:\/\/schema.org","@graph":[{"@type":"WebPage","@id":"https:\/\/www.acertar.org.br\/acertar\/faq\/","url":"https:\/\/www.acertar.org.br\/acertar\/faq\/","name":"Perguntas & Respostas - Bloco Ceramico-Tijolo-Telha-Laje-SP","isPartOf":{"@id":"https:\/\/www.acertar.org.br\/acertar\/#website"},"datePublished":"2014-02-19T10:17:46+00:00","dateModified":"2019-04-02T17:28:34+00:00","breadcrumb":{"@id":"https:\/\/www.acertar.org.br\/acertar\/faq\/#breadcrumb"},"inLanguage":"pt-BR","potentialAction":[{"@type":"ReadAction","target":["https:\/\/www.acertar.org.br\/acertar\/faq\/"]}]},{"@type":"BreadcrumbList","@id":"https:\/\/www.acertar.org.br\/acertar\/faq\/#breadcrumb","itemListElement":[{"@type":"ListItem","position":1,"name":"In\u00edcio","item":"https:\/\/www.acertar.org.br\/acertar\/"},{"@type":"ListItem","position":2,"name":"Perguntas &#038; Respostas"}]},{"@type":"WebSite","@id":"https:\/\/www.acertar.org.br\/acertar\/#website","url":"https:\/\/www.acertar.org.br\/acertar\/","name":"Bloco Ceramico-Tijolo-Telha-Laje-SP","description":"Associa\u00e7\u00e3o das Cer\u00e2micas de Tatu\u00ed e Regi\u00e3o","potentialAction":[{"@type":"SearchAction","target":{"@type":"EntryPoint","urlTemplate":"https:\/\/www.acertar.org.br\/acertar\/?s={search_term_string}"},"query-input":"required name=search_term_string"}],"inLanguage":"pt-BR"}]}},"_links":{"self":[{"href":"https:\/\/www.acertar.org.br\/acertar\/wp-json\/wp\/v2\/pages\/3068"}],"collection":[{"href":"https:\/\/www.acertar.org.br\/acertar\/wp-json\/wp\/v2\/pages"}],"about":[{"href":"https:\/\/www.acertar.org.br\/acertar\/wp-json\/wp\/v2\/types\/page"}],"author":[{"embeddable":true,"href":"https:\/\/www.acertar.org.br\/acertar\/wp-json\/wp\/v2\/users\/1"}],"replies":[{"embeddable":true,"href":"https:\/\/www.acertar.org.br\/acertar\/wp-json\/wp\/v2\/comments?post=3068"}],"version-history":[{"count":7,"href":"https:\/\/www.acertar.org.br\/acertar\/wp-json\/wp\/v2\/pages\/3068\/revisions"}],"predecessor-version":[{"id":5409,"href":"https:\/\/www.acertar.org.br\/acertar\/wp-json\/wp\/v2\/pages\/3068\/revisions\/5409"}],"wp:attachment":[{"href":"https:\/\/www.acertar.org.br\/acertar\/wp-json\/wp\/v2\/media?parent=3068"}],"curies":[{"name":"wp","href":"https:\/\/api.w.org\/{rel}","templated":true}]}}