{"id":4,"date":"2015-01-27T11:53:37","date_gmt":"2015-01-27T11:53:37","guid":{"rendered":"http:\/\/www.acertar.org.br\/acertar\/?page_id=4"},"modified":"2024-05-31T15:15:05","modified_gmt":"2024-05-31T15:15:05","slug":"sobre-a-acertar","status":"publish","type":"page","link":"https:\/\/www.acertar.org.br\/acertar\/sobre-a-acertar\/","title":{"rendered":"Sobre a Acertar"},"content":{"rendered":"<div class=\"vc_row wpb_row vc_row-fluid  \" ><div class=\"container\"><div class=\"row\">\n\t<div class=\"vc_col-sm-12 wpb_column vc_column_container\">\n\t\t<div class=\"wpb_wrapper\">\n\t\t\t\n\t<div class=\"wpb_text_column wpb_content_element  wpb_animate_when_almost_visible wpb_left-to-right\">\n\t\t<div class=\"wpb_wrapper\">\n\t\t\t<h2><img decoding=\"async\" class=\"alignnone\" src=\"http:\/\/www.acertar.org.br\/wp-content\/uploads\/2015\/01\/LogoAcertar_220x220.png\" \/><\/h2>\n<h2><strong>ACERTAR &#8211; Associa\u00e7\u00e3o das Cer\u00e2micas de Tatu\u00ed e Regi\u00e3o<\/strong><\/h2>\n<h2>Institucional<\/h2>\n<p>A par de sua principal incumb\u00eancia de defenderem direitos e buscar a satisfa\u00e7\u00e3o dos interesses comuns de seus associados e seus prop\u00f3sitos n\u00e3o econ\u00f4micos, nos termos do art. 53 do novo C\u00f3digo Civil, compreendem-se tamb\u00e9m na finalidade da ACERTAR \u2013 Associa\u00e7\u00e3o das Cer\u00e2micas de Tatu\u00ed e Regi\u00e3o os seguintes misteres:<\/p>\n<p>Estimular a harmonia e a solidariedade nas rela\u00e7\u00f5es entre seus associados, e zelando pelo incremento do conceito da produ\u00e7\u00e3o industrial de cada um deles;<\/p>\n<p>Promover o interc\u00e2mbio de informa\u00e7\u00f5es e divulga\u00e7\u00e3o de conhecimentos entre fabricantes, usu\u00e1rios, escolas e pesquisadores \u2013 visando \u00e0 excel\u00eancia da produ\u00e7\u00e3o;<\/p>\n<p>Garantir a qualidade da mat\u00e9ria prima e dos produtos cer\u00e2micos, atrav\u00e9s da presta\u00e7\u00e3o de servi\u00e7os de um Laborat\u00f3rio para an\u00e1lises, exames e laudos t\u00e9cnicos;<\/p>\n<p>Manter a produ\u00e7\u00e3o industrial cer\u00e2mica de seus associados sob vig\u00edlia, quanto \u00e0 observ\u00e2ncia das normas expedidas pelos \u00f3rg\u00e3os oficiais competentes;<\/p>\n<p>Desempenhar em ju\u00edzo e extrajudicialmente a representa\u00e7\u00e3o de seus associados, ativa e passivamente, nos interesses da classe ou de seus associados, podendo promover a\u00e7\u00f5es coletivas em defesa do consumidor lesado por pr\u00e1ticas abusivas da concorr\u00eancia desleal;<\/p>\n<p>Emprestar orienta\u00e7\u00e3o e apoio tecnol\u00f3gico aos associados, tanto para a otimiza\u00e7\u00e3o de sua produ\u00e7\u00e3o, gerenciamento de sua ind\u00fastria e comercializa\u00e7\u00e3o de seus produtos, quando para a observ\u00e2ncia e execu\u00e7\u00e3o de seus deveres de preserva\u00e7\u00e3o do meio-ambiente;<\/p>\n<p>Contribuir para a qualifica\u00e7\u00e3o e sele\u00e7\u00e3o de m\u00e3o de obra e treinamento dos trabalhadores da ind\u00fastria cer\u00e2mica.<\/p>\n\n\t\t<\/div> \n\t<\/div> \n\t\t<\/div> \n\t<\/div> \n<\/div><\/div><\/div><div class=\"vc_row wpb_row vc_row-fluid  \" ><div class=\"container\"><div class=\"row\">\n\t<div class=\"vc_col-sm-12 wpb_column vc_column_container\">\n\t\t<div class=\"wpb_wrapper\">\n\t\t\t<div class=\"vc_empty_space\"  style=\"height: 32px\" ><span class=\"vc_empty_space_inner\"><\/span><\/div>\n\n\n\t\t<\/div> \n\t<\/div> \n<\/div><\/div><\/div>\n","protected":false},"excerpt":{"rendered":"ACERTAR - Associa\u00e7\u00e3o das Cer\u00e2micas de Tatu\u00ed e Regi\u00e3o Institucional A par de sua principal incumb\u00eancia de defenderem direitos e buscar a satisfa\u00e7\u00e3o dos interesses comuns de seus associados e...","protected":false},"author":1,"featured_media":0,"parent":0,"menu_order":0,"comment_status":"open","ping_status":"open","template":"template-minimal-page.php","meta":{"footnotes":""},"yoast_head":"<!-- This site is optimized with the Yoast SEO plugin v22.8 - https:\/\/yoast.com\/wordpress\/plugins\/seo\/ -->\n<title>Sobre a Acertar - Bloco Ceramico-Tijolo-Telha-Laje-SP<\/title>\n<meta name=\"robots\" content=\"index, follow, max-snippet:-1, max-image-preview:large, max-video-preview:-1\" \/>\n<link rel=\"canonical\" href=\"https:\/\/www.acertar.org.br\/acertar\/sobre-a-acertar\/\" \/>\n<meta property=\"og:locale\" content=\"pt_BR\" \/>\n<meta property=\"og:type\" content=\"article\" \/>\n<meta property=\"og:title\" content=\"Sobre a Acertar - Bloco Ceramico-Tijolo-Telha-Laje-SP\" \/>\n<meta property=\"og:url\" content=\"https:\/\/www.acertar.org.br\/acertar\/sobre-a-acertar\/\" \/>\n<meta property=\"og:site_name\" content=\"Bloco Ceramico-Tijolo-Telha-Laje-SP\" \/>\n<meta property=\"article:modified_time\" content=\"2024-05-31T15:15:05+00:00\" \/>\n<meta property=\"og:image\" content=\"http:\/\/www.acertar.org.br\/wp-content\/uploads\/2015\/01\/LogoAcertar_220x220.png\" \/>\n<meta name=\"twitter:label1\" content=\"Est. tempo de leitura\" \/>\n\t<meta name=\"twitter:data1\" content=\"2 minutos\" \/>\n<script type=\"application\/ld+json\" class=\"yoast-schema-graph\">{\"@context\":\"https:\/\/schema.org\",\"@graph\":[{\"@type\":\"WebPage\",\"@id\":\"https:\/\/www.acertar.org.br\/acertar\/sobre-a-acertar\/\",\"url\":\"https:\/\/www.acertar.org.br\/acertar\/sobre-a-acertar\/\",\"name\":\"Sobre a Acertar - Bloco Ceramico-Tijolo-Telha-Laje-SP\",\"isPartOf\":{\"@id\":\"https:\/\/www.acertar.org.br\/acertar\/#website\"},\"primaryImageOfPage\":{\"@id\":\"https:\/\/www.acertar.org.br\/acertar\/sobre-a-acertar\/#primaryimage\"},\"image\":{\"@id\":\"https:\/\/www.acertar.org.br\/acertar\/sobre-a-acertar\/#primaryimage\"},\"thumbnailUrl\":\"http:\/\/www.acertar.org.br\/wp-content\/uploads\/2015\/01\/LogoAcertar_220x220.png\",\"datePublished\":\"2015-01-27T11:53:37+00:00\",\"dateModified\":\"2024-05-31T15:15:05+00:00\",\"breadcrumb\":{\"@id\":\"https:\/\/www.acertar.org.br\/acertar\/sobre-a-acertar\/#breadcrumb\"},\"inLanguage\":\"pt-BR\",\"potentialAction\":[{\"@type\":\"ReadAction\",\"target\":[\"https:\/\/www.acertar.org.br\/acertar\/sobre-a-acertar\/\"]}]},{\"@type\":\"ImageObject\",\"inLanguage\":\"pt-BR\",\"@id\":\"https:\/\/www.acertar.org.br\/acertar\/sobre-a-acertar\/#primaryimage\",\"url\":\"http:\/\/www.acertar.org.br\/wp-content\/uploads\/2015\/01\/LogoAcertar_220x220.png\",\"contentUrl\":\"http:\/\/www.acertar.org.br\/wp-content\/uploads\/2015\/01\/LogoAcertar_220x220.png\"},{\"@type\":\"BreadcrumbList\",\"@id\":\"https:\/\/www.acertar.org.br\/acertar\/sobre-a-acertar\/#breadcrumb\",\"itemListElement\":[{\"@type\":\"ListItem\",\"position\":1,\"name\":\"In\u00edcio\",\"item\":\"https:\/\/www.acertar.org.br\/acertar\/\"},{\"@type\":\"ListItem\",\"position\":2,\"name\":\"Sobre a Acertar\"}]},{\"@type\":\"WebSite\",\"@id\":\"https:\/\/www.acertar.org.br\/acertar\/#website\",\"url\":\"https:\/\/www.acertar.org.br\/acertar\/\",\"name\":\"Bloco Ceramico-Tijolo-Telha-Laje-SP\",\"description\":\"Associa\u00e7\u00e3o das Cer\u00e2micas de Tatu\u00ed e Regi\u00e3o\",\"potentialAction\":[{\"@type\":\"SearchAction\",\"target\":{\"@type\":\"EntryPoint\",\"urlTemplate\":\"https:\/\/www.acertar.org.br\/acertar\/?s={search_term_string}\"},\"query-input\":\"required name=search_term_string\"}],\"inLanguage\":\"pt-BR\"}]}<\/script>\n<!-- \/ Yoast SEO plugin. -->","yoast_head_json":{"title":"Sobre a Acertar - Bloco Ceramico-Tijolo-Telha-Laje-SP","robots":{"index":"index","follow":"follow","max-snippet":"max-snippet:-1","max-image-preview":"max-image-preview:large","max-video-preview":"max-video-preview:-1"},"canonical":"https:\/\/www.acertar.org.br\/acertar\/sobre-a-acertar\/","og_locale":"pt_BR","og_type":"article","og_title":"Sobre a Acertar - Bloco Ceramico-Tijolo-Telha-Laje-SP","og_url":"https:\/\/www.acertar.org.br\/acertar\/sobre-a-acertar\/","og_site_name":"Bloco Ceramico-Tijolo-Telha-Laje-SP","article_modified_time":"2024-05-31T15:15:05+00:00","og_image":[{"url":"http:\/\/www.acertar.org.br\/wp-content\/uploads\/2015\/01\/LogoAcertar_220x220.png"}],"twitter_misc":{"Est. tempo de leitura":"2 minutos"},"schema":{"@context":"https:\/\/schema.org","@graph":[{"@type":"WebPage","@id":"https:\/\/www.acertar.org.br\/acertar\/sobre-a-acertar\/","url":"https:\/\/www.acertar.org.br\/acertar\/sobre-a-acertar\/","name":"Sobre a Acertar - Bloco Ceramico-Tijolo-Telha-Laje-SP","isPartOf":{"@id":"https:\/\/www.acertar.org.br\/acertar\/#website"},"primaryImageOfPage":{"@id":"https:\/\/www.acertar.org.br\/acertar\/sobre-a-acertar\/#primaryimage"},"image":{"@id":"https:\/\/www.acertar.org.br\/acertar\/sobre-a-acertar\/#primaryimage"},"thumbnailUrl":"http:\/\/www.acertar.org.br\/wp-content\/uploads\/2015\/01\/LogoAcertar_220x220.png","datePublished":"2015-01-27T11:53:37+00:00","dateModified":"2024-05-31T15:15:05+00:00","breadcrumb":{"@id":"https:\/\/www.acertar.org.br\/acertar\/sobre-a-acertar\/#breadcrumb"},"inLanguage":"pt-BR","potentialAction":[{"@type":"ReadAction","target":["https:\/\/www.acertar.org.br\/acertar\/sobre-a-acertar\/"]}]},{"@type":"ImageObject","inLanguage":"pt-BR","@id":"https:\/\/www.acertar.org.br\/acertar\/sobre-a-acertar\/#primaryimage","url":"http:\/\/www.acertar.org.br\/wp-content\/uploads\/2015\/01\/LogoAcertar_220x220.png","contentUrl":"http:\/\/www.acertar.org.br\/wp-content\/uploads\/2015\/01\/LogoAcertar_220x220.png"},{"@type":"BreadcrumbList","@id":"https:\/\/www.acertar.org.br\/acertar\/sobre-a-acertar\/#breadcrumb","itemListElement":[{"@type":"ListItem","position":1,"name":"In\u00edcio","item":"https:\/\/www.acertar.org.br\/acertar\/"},{"@type":"ListItem","position":2,"name":"Sobre a Acertar"}]},{"@type":"WebSite","@id":"https:\/\/www.acertar.org.br\/acertar\/#website","url":"https:\/\/www.acertar.org.br\/acertar\/","name":"Bloco Ceramico-Tijolo-Telha-Laje-SP","description":"Associa\u00e7\u00e3o das Cer\u00e2micas de Tatu\u00ed e Regi\u00e3o","potentialAction":[{"@type":"SearchAction","target":{"@type":"EntryPoint","urlTemplate":"https:\/\/www.acertar.org.br\/acertar\/?s={search_term_string}"},"query-input":"required name=search_term_string"}],"inLanguage":"pt-BR"}]}},"_links":{"self":[{"href":"https:\/\/www.acertar.org.br\/acertar\/wp-json\/wp\/v2\/pages\/4"}],"collection":[{"href":"https:\/\/www.acertar.org.br\/acertar\/wp-json\/wp\/v2\/pages"}],"about":[{"href":"https:\/\/www.acertar.org.br\/acertar\/wp-json\/wp\/v2\/types\/page"}],"author":[{"embeddable":true,"href":"https:\/\/www.acertar.org.br\/acertar\/wp-json\/wp\/v2\/users\/1"}],"replies":[{"embeddable":true,"href":"https:\/\/www.acertar.org.br\/acertar\/wp-json\/wp\/v2\/comments?post=4"}],"version-history":[{"count":16,"href":"https:\/\/www.acertar.org.br\/acertar\/wp-json\/wp\/v2\/pages\/4\/revisions"}],"predecessor-version":[{"id":5482,"href":"https:\/\/www.acertar.org.br\/acertar\/wp-json\/wp\/v2\/pages\/4\/revisions\/5482"}],"wp:attachment":[{"href":"https:\/\/www.acertar.org.br\/acertar\/wp-json\/wp\/v2\/media?parent=4"}],"curies":[{"name":"wp","href":"https:\/\/api.w.org\/{rel}","templated":true}]}}