{"id":4733,"date":"2015-02-05T20:56:50","date_gmt":"2015-02-05T20:56:50","guid":{"rendered":"http:\/\/www.acertar.org.br\/acertar\/?page_id=4733"},"modified":"2016-09-19T14:48:07","modified_gmt":"2016-09-19T14:48:07","slug":"ceramica-sustentavel-por-natureza","status":"publish","type":"page","link":"https:\/\/www.acertar.org.br\/acertar\/ceramica-sustentavel-por-natureza\/","title":{"rendered":"Cer\u00e2mica Sustent\u00e1vel por Natureza"},"content":{"rendered":"<div class=\"vc_row wpb_row vc_row-fluid  \" ><div class=\"container\"><div class=\"row\">\n\t<div class=\"vc_col-sm-12 wpb_column vc_column_container\">\n\t\t<div class=\"wpb_wrapper\">\n\t\t\t<div class=\"vc_empty_space\"  style=\"height: 15px\" ><span class=\"vc_empty_space_inner\"><\/span><\/div>\n\n\n\t\t<\/div> \n\t<\/div> \n<\/div><\/div><\/div><div class=\"vc_row wpb_row vc_row-fluid  \" ><div class=\"container\"><div class=\"row\">\n\t<div class=\"vc_col-sm-12 wpb_column vc_column_container\">\n\t\t<div class=\"wpb_wrapper\">\n\t\t\t\n\t<div class=\"wpb_single_image wpb_content_element wpb_animate_when_almost_visible wpb_left-to-right vc_align_left\">\n\t\t<div class=\"wpb_wrapper\">\n\t\t\t\n\t\t\t<span class=\"vc_box_shadow_3d_wrap\"><img loading=\"lazy\" decoding=\"async\" width=\"900\" height=\"431\" src=\"https:\/\/www.acertar.org.br\/wp-content\/uploads\/2015\/02\/BannerConceito1.gif\" class=\"vc_box_shadow_3d vc_box_border_grey attachment-full\" alt=\"\" \/><\/span>\n\t\t<\/div> \n\t<\/div> \n\t<div class=\"wpb_text_column wpb_content_element \">\n\t\t<div class=\"wpb_wrapper\">\n\t\t\t<p><a href=\"https:\/\/www.acertar.org.br\/acertar\/associados_acertar\/\">Encontre uma Cer\u00e2mica do Polo de Tatu\u00ed e Regi\u00e3o &#8211; Clique Aqui<\/a><\/p>\n\n\t\t<\/div> \n\t<\/div> \n\t\t<\/div> \n\t<\/div> \n<\/div><\/div><\/div><div class=\"vc_row wpb_row vc_row-fluid  \" ><div class=\"container\"><div class=\"row\">\n\t<div class=\"vc_col-sm-12 wpb_column vc_column_container\">\n\t\t<div class=\"wpb_wrapper\">\n\t\t\t<div class=\"vc_empty_space\"  style=\"height: 15px\" ><span class=\"vc_empty_space_inner\"><\/span><\/div>\n\n\n\t\t<\/div> \n\t<\/div> \n<\/div><\/div><\/div><div class=\"vc_row wpb_row vc_row-fluid  \" ><div class=\"container\"><div class=\"row\">\n\t<div class=\"vc_col-sm-6 wpb_column vc_column_container\">\n\t\t<div class=\"wpb_wrapper\">\n\t\t\t\n\t<div class=\"wpb_text_column wpb_content_element \">\n\t\t<div class=\"wpb_wrapper\">\n\t\t\t<h1>Cer\u00e2mica, Sustent\u00e1vel por Natureza<\/h1>\n\n\t\t<\/div> \n\t<\/div> \n\t<div class=\"wpb_text_column wpb_content_element \">\n\t\t<div class=\"wpb_wrapper\">\n\t\t\t<p>Economia de \u00c1gua<br \/>\n<iframe loading=\"lazy\" src=\"http:\/\/www.youtube.com\/embed\/r9fya3mW8pY?rel=0&amp;autoplay=0&amp;loop=0&amp;wmode=opaque\" width=\"480\" height=\"250\" frameborder=\"0\" marginwidth=\"0\" marginheight=\"0\" allowfullscreen=\"allowfullscreen\"><\/iframe><\/p>\n\n\t\t<\/div> \n\t<\/div> \n\t\t<\/div> \n\t<\/div> \n\n\t<div class=\"vc_col-sm-6 wpb_column vc_column_container\">\n\t\t<div class=\"wpb_wrapper\">\n\t\t\t\n\t<div class=\"wpb_text_column wpb_content_element \">\n\t\t<div class=\"wpb_wrapper\">\n\t\t\t<h3>Os produtos\u00a0cer\u00e2micos s\u00e3o a primeira escolha para os\u00a0projetos que buscam sustentabilidade.<\/h3>\n<p>Isso porque, eles reduzem muito o\u00a0impacto ambiental, se comparados aos produtos de cimento. \u00c9 o que constatou o estudo encomendado pela Anicer \u00e0 Quantis, do Canad\u00e1, para a <a title=\"ACV\" href=\"http:\/\/anicer.com.br\/acv\/\" target=\"_blank\">Avalia\u00e7\u00e3o de Ciclo de Vida do Produto Cer\u00e2mico (ACV)<\/a>\u00a0e o seu comparativo em rela\u00e7\u00e3o aos equivalentes em concreto.<\/p>\n<p>Um m\u00b2 de parede feita de blocos cer\u00e2micos necessita de <a href=\"https:\/\/www.youtube.com\/watch?v=r9fya3mW8pY\" target=\"_blank\">65% menos \u00e1gua<\/a> que o bloco de concreto e 84% a menos que a parede de concreto. Em per\u00edodos de falta de \u00e1gua, como o que vivemos no momento, esta \u00e9 uma boa not\u00edcia. As paredes com blocos cer\u00e2micos t\u00eam impacto <a href=\"https:\/\/www.youtube.com\/watch?v=jh9bdQd1ETE\" target=\"_blank\">66% menor na emiss\u00e3o de gases de efeito estufa<\/a>, que as paredes de concreto. Principalmente por utilizarem, em sua fabrica\u00e7\u00e3o fontes de energia renov\u00e1veis, como cavaco de madeira e biomassas descartadas por outras ind\u00fastrias. Os produtos cer\u00e2micos, incluindo as telhas e lajes, consomem at\u00e9 43% menos recursos naturais n\u00e3o renov\u00e1veis que os produtos\u00a0de concreto. Al\u00e9m disso, os produtos cer\u00e2micos s\u00e3o 100% recicl\u00e1veis.<\/p>\n<p>Quando se fala de qualidade de vida, a\u00a0cer\u00e2mica tem melhor isolamento t\u00e9rmico, tornando o ambiente mais agrad\u00e1vel e climatizado de forma natural. A\u00a0cer\u00e2mica tamb\u00e9m proporciona melhor veda\u00e7\u00e3o \u00e0 umidade resultando em um ambiente mais seco e saud\u00e1vel do que os feitos de concreto.<\/p>\n<p>Isso tudo aponta que \u00e9 poss\u00edvel viver bem com todo o conforto e ainda preservar o planeta e seus recursos naturais.<\/p>\n<p><strong>Escolha a Cer\u00e2mica, ela \u00e9\u00a0Sustent\u00e1vel por Natureza<\/strong><\/p>\n\n\t\t<\/div> \n\t<\/div> \n\t\t<\/div> \n\t<\/div> \n<\/div><\/div><\/div><div class=\"vc_row wpb_row vc_row-fluid  \" ><div class=\"container\"><div class=\"row\">\n\t<div class=\"vc_col-sm-12 wpb_column vc_column_container\">\n\t\t<div class=\"wpb_wrapper\">\n\t\t\t<div class=\"vc_empty_space\"  style=\"height: 15px\" ><span class=\"vc_empty_space_inner\"><\/span><\/div>\n\n\n\t\t<\/div> \n\t<\/div> \n<\/div><\/div><\/div>\n","protected":false},"excerpt":{"rendered":"Encontre uma Cer\u00e2mica do Polo de Tatu\u00ed e Regi\u00e3o - Clique Aqui Cer\u00e2mica, Sustent\u00e1vel por Natureza Economia de \u00c1gua Os produtos\u00a0cer\u00e2micos s\u00e3o a primeira escolha para os\u00a0projetos que buscam sustentabilidade....","protected":false},"author":1,"featured_media":4734,"parent":0,"menu_order":0,"comment_status":"open","ping_status":"open","template":"template-minimal-page.php","meta":{"footnotes":""},"yoast_head":"<!-- This site is optimized with the Yoast SEO plugin v22.8 - https:\/\/yoast.com\/wordpress\/plugins\/seo\/ -->\n<title>Cer\u00e2mica Sustent\u00e1vel por Natureza - Bloco Ceramico-Tijolo-Telha-Laje-SP<\/title>\n<meta name=\"robots\" content=\"index, follow, max-snippet:-1, max-image-preview:large, max-video-preview:-1\" \/>\n<link rel=\"canonical\" href=\"https:\/\/www.acertar.org.br\/acertar\/ceramica-sustentavel-por-natureza\/\" \/>\n<meta property=\"og:locale\" content=\"pt_BR\" \/>\n<meta property=\"og:type\" content=\"article\" \/>\n<meta property=\"og:title\" content=\"Cer\u00e2mica Sustent\u00e1vel por Natureza - Bloco Ceramico-Tijolo-Telha-Laje-SP\" \/>\n<meta property=\"og:url\" content=\"https:\/\/www.acertar.org.br\/acertar\/ceramica-sustentavel-por-natureza\/\" \/>\n<meta property=\"og:site_name\" content=\"Bloco Ceramico-Tijolo-Telha-Laje-SP\" \/>\n<meta property=\"article:modified_time\" content=\"2016-09-19T14:48:07+00:00\" \/>\n<meta property=\"og:image\" content=\"https:\/\/www.acertar.org.br\/wp-content\/uploads\/2015\/02\/BannerConceito.gif\" \/>\n\t<meta property=\"og:image:width\" content=\"800\" \/>\n\t<meta property=\"og:image:height\" content=\"383\" \/>\n\t<meta property=\"og:image:type\" content=\"image\/gif\" \/>\n<meta name=\"twitter:label1\" content=\"Est. tempo de leitura\" \/>\n\t<meta name=\"twitter:data1\" content=\"2 minutos\" \/>\n<script type=\"application\/ld+json\" class=\"yoast-schema-graph\">{\"@context\":\"https:\/\/schema.org\",\"@graph\":[{\"@type\":\"WebPage\",\"@id\":\"https:\/\/www.acertar.org.br\/acertar\/ceramica-sustentavel-por-natureza\/\",\"url\":\"https:\/\/www.acertar.org.br\/acertar\/ceramica-sustentavel-por-natureza\/\",\"name\":\"Cer\u00e2mica Sustent\u00e1vel por Natureza - Bloco Ceramico-Tijolo-Telha-Laje-SP\",\"isPartOf\":{\"@id\":\"https:\/\/www.acertar.org.br\/acertar\/#website\"},\"primaryImageOfPage\":{\"@id\":\"https:\/\/www.acertar.org.br\/acertar\/ceramica-sustentavel-por-natureza\/#primaryimage\"},\"image\":{\"@id\":\"https:\/\/www.acertar.org.br\/acertar\/ceramica-sustentavel-por-natureza\/#primaryimage\"},\"thumbnailUrl\":\"https:\/\/www.acertar.org.br\/wp-content\/uploads\/2015\/02\/BannerConceito.gif\",\"datePublished\":\"2015-02-05T20:56:50+00:00\",\"dateModified\":\"2016-09-19T14:48:07+00:00\",\"breadcrumb\":{\"@id\":\"https:\/\/www.acertar.org.br\/acertar\/ceramica-sustentavel-por-natureza\/#breadcrumb\"},\"inLanguage\":\"pt-BR\",\"potentialAction\":[{\"@type\":\"ReadAction\",\"target\":[\"https:\/\/www.acertar.org.br\/acertar\/ceramica-sustentavel-por-natureza\/\"]}]},{\"@type\":\"ImageObject\",\"inLanguage\":\"pt-BR\",\"@id\":\"https:\/\/www.acertar.org.br\/acertar\/ceramica-sustentavel-por-natureza\/#primaryimage\",\"url\":\"https:\/\/www.acertar.org.br\/wp-content\/uploads\/2015\/02\/BannerConceito.gif\",\"contentUrl\":\"https:\/\/www.acertar.org.br\/wp-content\/uploads\/2015\/02\/BannerConceito.gif\",\"width\":800,\"height\":383},{\"@type\":\"BreadcrumbList\",\"@id\":\"https:\/\/www.acertar.org.br\/acertar\/ceramica-sustentavel-por-natureza\/#breadcrumb\",\"itemListElement\":[{\"@type\":\"ListItem\",\"position\":1,\"name\":\"In\u00edcio\",\"item\":\"https:\/\/www.acertar.org.br\/acertar\/\"},{\"@type\":\"ListItem\",\"position\":2,\"name\":\"Cer\u00e2mica Sustent\u00e1vel por Natureza\"}]},{\"@type\":\"WebSite\",\"@id\":\"https:\/\/www.acertar.org.br\/acertar\/#website\",\"url\":\"https:\/\/www.acertar.org.br\/acertar\/\",\"name\":\"Bloco Ceramico-Tijolo-Telha-Laje-SP\",\"description\":\"Associa\u00e7\u00e3o das Cer\u00e2micas de Tatu\u00ed e Regi\u00e3o\",\"potentialAction\":[{\"@type\":\"SearchAction\",\"target\":{\"@type\":\"EntryPoint\",\"urlTemplate\":\"https:\/\/www.acertar.org.br\/acertar\/?s={search_term_string}\"},\"query-input\":\"required name=search_term_string\"}],\"inLanguage\":\"pt-BR\"}]}<\/script>\n<!-- \/ Yoast SEO plugin. -->","yoast_head_json":{"title":"Cer\u00e2mica Sustent\u00e1vel por Natureza - Bloco Ceramico-Tijolo-Telha-Laje-SP","robots":{"index":"index","follow":"follow","max-snippet":"max-snippet:-1","max-image-preview":"max-image-preview:large","max-video-preview":"max-video-preview:-1"},"canonical":"https:\/\/www.acertar.org.br\/acertar\/ceramica-sustentavel-por-natureza\/","og_locale":"pt_BR","og_type":"article","og_title":"Cer\u00e2mica Sustent\u00e1vel por Natureza - Bloco Ceramico-Tijolo-Telha-Laje-SP","og_url":"https:\/\/www.acertar.org.br\/acertar\/ceramica-sustentavel-por-natureza\/","og_site_name":"Bloco Ceramico-Tijolo-Telha-Laje-SP","article_modified_time":"2016-09-19T14:48:07+00:00","og_image":[{"width":800,"height":383,"url":"https:\/\/www.acertar.org.br\/wp-content\/uploads\/2015\/02\/BannerConceito.gif","type":"image\/gif"}],"twitter_misc":{"Est. tempo de leitura":"2 minutos"},"schema":{"@context":"https:\/\/schema.org","@graph":[{"@type":"WebPage","@id":"https:\/\/www.acertar.org.br\/acertar\/ceramica-sustentavel-por-natureza\/","url":"https:\/\/www.acertar.org.br\/acertar\/ceramica-sustentavel-por-natureza\/","name":"Cer\u00e2mica Sustent\u00e1vel por Natureza - Bloco Ceramico-Tijolo-Telha-Laje-SP","isPartOf":{"@id":"https:\/\/www.acertar.org.br\/acertar\/#website"},"primaryImageOfPage":{"@id":"https:\/\/www.acertar.org.br\/acertar\/ceramica-sustentavel-por-natureza\/#primaryimage"},"image":{"@id":"https:\/\/www.acertar.org.br\/acertar\/ceramica-sustentavel-por-natureza\/#primaryimage"},"thumbnailUrl":"https:\/\/www.acertar.org.br\/wp-content\/uploads\/2015\/02\/BannerConceito.gif","datePublished":"2015-02-05T20:56:50+00:00","dateModified":"2016-09-19T14:48:07+00:00","breadcrumb":{"@id":"https:\/\/www.acertar.org.br\/acertar\/ceramica-sustentavel-por-natureza\/#breadcrumb"},"inLanguage":"pt-BR","potentialAction":[{"@type":"ReadAction","target":["https:\/\/www.acertar.org.br\/acertar\/ceramica-sustentavel-por-natureza\/"]}]},{"@type":"ImageObject","inLanguage":"pt-BR","@id":"https:\/\/www.acertar.org.br\/acertar\/ceramica-sustentavel-por-natureza\/#primaryimage","url":"https:\/\/www.acertar.org.br\/wp-content\/uploads\/2015\/02\/BannerConceito.gif","contentUrl":"https:\/\/www.acertar.org.br\/wp-content\/uploads\/2015\/02\/BannerConceito.gif","width":800,"height":383},{"@type":"BreadcrumbList","@id":"https:\/\/www.acertar.org.br\/acertar\/ceramica-sustentavel-por-natureza\/#breadcrumb","itemListElement":[{"@type":"ListItem","position":1,"name":"In\u00edcio","item":"https:\/\/www.acertar.org.br\/acertar\/"},{"@type":"ListItem","position":2,"name":"Cer\u00e2mica Sustent\u00e1vel por Natureza"}]},{"@type":"WebSite","@id":"https:\/\/www.acertar.org.br\/acertar\/#website","url":"https:\/\/www.acertar.org.br\/acertar\/","name":"Bloco Ceramico-Tijolo-Telha-Laje-SP","description":"Associa\u00e7\u00e3o das Cer\u00e2micas de Tatu\u00ed e Regi\u00e3o","potentialAction":[{"@type":"SearchAction","target":{"@type":"EntryPoint","urlTemplate":"https:\/\/www.acertar.org.br\/acertar\/?s={search_term_string}"},"query-input":"required name=search_term_string"}],"inLanguage":"pt-BR"}]}},"_links":{"self":[{"href":"https:\/\/www.acertar.org.br\/acertar\/wp-json\/wp\/v2\/pages\/4733"}],"collection":[{"href":"https:\/\/www.acertar.org.br\/acertar\/wp-json\/wp\/v2\/pages"}],"about":[{"href":"https:\/\/www.acertar.org.br\/acertar\/wp-json\/wp\/v2\/types\/page"}],"author":[{"embeddable":true,"href":"https:\/\/www.acertar.org.br\/acertar\/wp-json\/wp\/v2\/users\/1"}],"replies":[{"embeddable":true,"href":"https:\/\/www.acertar.org.br\/acertar\/wp-json\/wp\/v2\/comments?post=4733"}],"version-history":[{"count":28,"href":"https:\/\/www.acertar.org.br\/acertar\/wp-json\/wp\/v2\/pages\/4733\/revisions"}],"predecessor-version":[{"id":5374,"href":"https:\/\/www.acertar.org.br\/acertar\/wp-json\/wp\/v2\/pages\/4733\/revisions\/5374"}],"wp:featuredmedia":[{"embeddable":true,"href":"https:\/\/www.acertar.org.br\/acertar\/wp-json\/wp\/v2\/media\/4734"}],"wp:attachment":[{"href":"https:\/\/www.acertar.org.br\/acertar\/wp-json\/wp\/v2\/media?parent=4733"}],"curies":[{"name":"wp","href":"https:\/\/api.w.org\/{rel}","templated":true}]}}