{"id":4805,"date":"2015-03-03T20:41:15","date_gmt":"2015-03-03T20:41:15","guid":{"rendered":"http:\/\/www.acertar.org.br\/acertar\/?page_id=4805"},"modified":"2015-03-10T12:24:00","modified_gmt":"2015-03-10T12:24:00","slug":"bloco-estrutural","status":"publish","type":"page","link":"https:\/\/www.acertar.org.br\/acertar\/bloco-estrutural\/","title":{"rendered":"Associados &#8211; Blocos Estruturais"},"content":{"rendered":"<div class=\"vc_row wpb_row vc_row-fluid   vc_custom_1425415220588\" ><div class=\"container\"><div class=\"row\">\n\t<div class=\"vc_col-sm-12 wpb_column vc_column_container\">\n\t\t<div class=\"wpb_wrapper\">\n\t\t\t\n\t<div class=\"wpb_single_image wpb_content_element vc_custom_1425990236556 wpb_animate_when_almost_visible wpb_left-to-right vc_align_left\">\n\t\t<div class=\"wpb_wrapper\">\n\t\t\t\n\t\t\t<img loading=\"lazy\" decoding=\"async\" class=\" vc_box_border_grey \" src=\"https:\/\/www.acertar.org.br\/wp-content\/uploads\/2012\/08\/Vertical_duo-550x192.jpg\" width=\"550\" height=\"192\" alt=\"Vertical_duo\" \/>\n\t\t<\/div> \n\t<\/div> \n\t\t<\/div> \n\t<\/div> \n<\/div><\/div><\/div><div class=\"vc_row wpb_row vc_row-fluid  \" ><div class=\"container\"><div class=\"row\">\n\t<div class=\"vc_col-sm-12 wpb_column vc_column_container\">\n\t\t<div class=\"wpb_wrapper\">\n\t\t\t<div class=\"vc_empty_space\"  style=\"height: 32px\" ><span class=\"vc_empty_space_inner\"><\/span><\/div>\n\n\n\t<div class=\"wpb_text_column wpb_content_element \">\n\t\t<div class=\"wpb_wrapper\">\n\t\t\t<p><strong>Cer\u00e2mica B\u00e1sica Ltda.<\/strong><\/p>\n<p>Endere\u00e7o: Rod. Dr. Floriano de Camargo Barros SP 143 . Km 1,5 &#8211; Bairro Passa Tr\u00eas<\/p>\n<p>Cep: 18285-000\u00a0\u00a0 Cidade:Ces\u00e1rio Lange\/SP<\/p>\n<p>Tel\/Fax: (15) 3246.3837 \/ 3246.3836 \/ 3246.3884<\/p>\n<p>E-mail:\u00a0<a href=\"mailto:contato@ceramicabasica.com.br\">contato@ceramicabasica.com.br<\/a><\/p>\n<p>Site:\u00a0<a href=\"http:\/\/www.ceramicabasica.com.br\">www.ceramicabasica.com.br<\/a><\/p>\n<p>&nbsp;<\/p>\n<p><strong>Cer\u00e2mica City Ltda.\u00a0<\/strong><\/p>\n<p>Endere\u00e7o: Rodovia Pres. Castello Branco Km 144 \u2013 Bairro Aleluia<\/p>\n<p>Cep: 18.285-000\u00a0\u00a0 Caixa Postal: 24\u00a0\u00a0 Cidade: Ces\u00e1rio Lange-SP<\/p>\n<p>Tel: (15) 3246-8030<\/p>\n<p>E-Mail:\u00a0<a href=\"mailto:vendas@ceramicacity.com.br\">vendas@ceramicacity.com.br<\/a><\/p>\n<p>Site:\u00a0<a href=\"http:\/\/www.ceramicacity.com.br\">www.ceramicacity.com.br<\/a><\/p>\n<p>&nbsp;<\/p>\n<p><strong>Cer\u00e2mica Endo Ltda<\/strong><\/p>\n<p>Endere\u00e7o: Rodovia Mario Batista Mori, 3801 \u2013 km 3,5<\/p>\n<p>Cep: 18.280-000\u00a0\u00a0 Caixa Postal:128\u00a0\u00a0 Cidade: Tatu\u00ed \/SP<\/p>\n<p>Tel: (15) 3451.1010 \/ 3251.5262<\/p>\n<p>E-mail:\u00a0<a href=\"mailto:vendas@ceramicaendo.com.br\">vendas@ceramicaendo.com.br<\/a><\/p>\n<p>Site:\u00a0<a href=\"http:\/\/www.ceramicaendo.com.br\">www.ceramicaendo.com.br<\/a><\/p>\n<p>&nbsp;<\/p>\n<p><strong>Cer\u00e2mica Endo II Ltda.<\/strong><\/p>\n<p>Endere\u00e7o: Rodovia Mario Batista Mori, 3801 \u2013 km 3,5<\/p>\n<p>Cep: 18.280-000\u00a0\u00a0 Caixa Postal:128\u00a0\u00a0 Cidade: Tatu\u00ed \/SP<\/p>\n<p>Tel: (15) 3451.1010 \/ 3251.5262<\/p>\n<p>E-mail:\u00a0<a href=\"mailto:vendas@ceramicaendo.com.br\">vendas@ceramicaendo.com.br<\/a><\/p>\n<p>Site:\u00a0<a href=\"http:\/\/www.ceramicaendo.com.br\">www.ceramicaendo.com.br<\/a><\/p>\n<p>&nbsp;<\/p>\n<p><strong>Vibeoli Cer\u00e2mica Ltda.<\/strong><\/p>\n<p>Endere\u00e7o: Rodovia SP 141 Km 45 B\u00ba Aleluia<\/p>\n<p>Cep: 18285-000\u00a0\u00a0\u00a0\u00a0\u00a0\u00a0\u00a0\u00a0 Caixa Postal: 100\u00a0\u00a0\u00a0\u00a0 Cidade: Ces\u00e1rio Lange<\/p>\n<p>Tel\/Fax: (15) 3246.1515<\/p>\n<p>E-mail:\u00a0<a href=\"mailto:vendas@ceramicavibeoli.com.br\">vendas@ceramicavibeoli.com.br<\/a><\/p>\n<p>Site:\u00a0<a href=\"http:\/\/www.ceramicavibeoli.com.br\">www.ceramicavibeoli.com.br<\/a><\/p>\n<p>&nbsp;<\/p>\n\n\t\t<\/div> \n\t<\/div> \n\t\t<\/div> \n\t<\/div> \n<\/div><\/div><\/div><div class=\"vc_row wpb_row vc_row-fluid  \" ><div class=\"container\"><div class=\"row\">\n\t<div class=\"vc_col-sm-12 wpb_column vc_column_container\">\n\t\t<div class=\"wpb_wrapper\">\n\t\t\t<div class=\"vc_empty_space\"  style=\"height: 32px\" ><span class=\"vc_empty_space_inner\"><\/span><\/div>\n\n\n\t\t<\/div> \n\t<\/div> \n<\/div><\/div><\/div>\n","protected":false},"excerpt":{"rendered":"Cer\u00e2mica B\u00e1sica Ltda. Endere\u00e7o: Rod. Dr. Floriano de Camargo Barros SP 143 . Km 1,5 - Bairro Passa Tr\u00eas Cep: 18285-000\u00a0\u00a0 Cidade:Ces\u00e1rio Lange\/SP Tel\/Fax: (15) 3246.3837 \/ 3246.3836 \/ 3246.3884...","protected":false},"author":1,"featured_media":0,"parent":0,"menu_order":0,"comment_status":"open","ping_status":"open","template":"template-minimal-page.php","meta":{"footnotes":""},"yoast_head":"<!-- This site is optimized with the Yoast SEO plugin v22.8 - https:\/\/yoast.com\/wordpress\/plugins\/seo\/ -->\n<title>Associados - Blocos Estruturais - Bloco Ceramico-Tijolo-Telha-Laje-SP<\/title>\n<meta name=\"robots\" content=\"index, follow, max-snippet:-1, max-image-preview:large, max-video-preview:-1\" \/>\n<link rel=\"canonical\" href=\"https:\/\/www.acertar.org.br\/acertar\/bloco-estrutural\/\" \/>\n<meta property=\"og:locale\" content=\"pt_BR\" \/>\n<meta property=\"og:type\" content=\"article\" \/>\n<meta property=\"og:title\" content=\"Associados - Blocos Estruturais - Bloco Ceramico-Tijolo-Telha-Laje-SP\" \/>\n<meta property=\"og:url\" content=\"https:\/\/www.acertar.org.br\/acertar\/bloco-estrutural\/\" \/>\n<meta property=\"og:site_name\" content=\"Bloco Ceramico-Tijolo-Telha-Laje-SP\" \/>\n<meta property=\"article:modified_time\" content=\"2015-03-10T12:24:00+00:00\" \/>\n<meta name=\"twitter:label1\" content=\"Est. tempo de leitura\" \/>\n\t<meta name=\"twitter:data1\" content=\"1 minuto\" \/>\n<script type=\"application\/ld+json\" class=\"yoast-schema-graph\">{\"@context\":\"https:\/\/schema.org\",\"@graph\":[{\"@type\":\"WebPage\",\"@id\":\"https:\/\/www.acertar.org.br\/acertar\/bloco-estrutural\/\",\"url\":\"https:\/\/www.acertar.org.br\/acertar\/bloco-estrutural\/\",\"name\":\"Associados - Blocos Estruturais - Bloco Ceramico-Tijolo-Telha-Laje-SP\",\"isPartOf\":{\"@id\":\"https:\/\/www.acertar.org.br\/acertar\/#website\"},\"datePublished\":\"2015-03-03T20:41:15+00:00\",\"dateModified\":\"2015-03-10T12:24:00+00:00\",\"breadcrumb\":{\"@id\":\"https:\/\/www.acertar.org.br\/acertar\/bloco-estrutural\/#breadcrumb\"},\"inLanguage\":\"pt-BR\",\"potentialAction\":[{\"@type\":\"ReadAction\",\"target\":[\"https:\/\/www.acertar.org.br\/acertar\/bloco-estrutural\/\"]}]},{\"@type\":\"BreadcrumbList\",\"@id\":\"https:\/\/www.acertar.org.br\/acertar\/bloco-estrutural\/#breadcrumb\",\"itemListElement\":[{\"@type\":\"ListItem\",\"position\":1,\"name\":\"In\u00edcio\",\"item\":\"https:\/\/www.acertar.org.br\/acertar\/\"},{\"@type\":\"ListItem\",\"position\":2,\"name\":\"Associados &#8211; Blocos Estruturais\"}]},{\"@type\":\"WebSite\",\"@id\":\"https:\/\/www.acertar.org.br\/acertar\/#website\",\"url\":\"https:\/\/www.acertar.org.br\/acertar\/\",\"name\":\"Bloco Ceramico-Tijolo-Telha-Laje-SP\",\"description\":\"Associa\u00e7\u00e3o das Cer\u00e2micas de Tatu\u00ed e Regi\u00e3o\",\"potentialAction\":[{\"@type\":\"SearchAction\",\"target\":{\"@type\":\"EntryPoint\",\"urlTemplate\":\"https:\/\/www.acertar.org.br\/acertar\/?s={search_term_string}\"},\"query-input\":\"required name=search_term_string\"}],\"inLanguage\":\"pt-BR\"}]}<\/script>\n<!-- \/ Yoast SEO plugin. -->","yoast_head_json":{"title":"Associados - Blocos Estruturais - Bloco Ceramico-Tijolo-Telha-Laje-SP","robots":{"index":"index","follow":"follow","max-snippet":"max-snippet:-1","max-image-preview":"max-image-preview:large","max-video-preview":"max-video-preview:-1"},"canonical":"https:\/\/www.acertar.org.br\/acertar\/bloco-estrutural\/","og_locale":"pt_BR","og_type":"article","og_title":"Associados - Blocos Estruturais - Bloco Ceramico-Tijolo-Telha-Laje-SP","og_url":"https:\/\/www.acertar.org.br\/acertar\/bloco-estrutural\/","og_site_name":"Bloco Ceramico-Tijolo-Telha-Laje-SP","article_modified_time":"2015-03-10T12:24:00+00:00","twitter_misc":{"Est. tempo de leitura":"1 minuto"},"schema":{"@context":"https:\/\/schema.org","@graph":[{"@type":"WebPage","@id":"https:\/\/www.acertar.org.br\/acertar\/bloco-estrutural\/","url":"https:\/\/www.acertar.org.br\/acertar\/bloco-estrutural\/","name":"Associados - Blocos Estruturais - Bloco Ceramico-Tijolo-Telha-Laje-SP","isPartOf":{"@id":"https:\/\/www.acertar.org.br\/acertar\/#website"},"datePublished":"2015-03-03T20:41:15+00:00","dateModified":"2015-03-10T12:24:00+00:00","breadcrumb":{"@id":"https:\/\/www.acertar.org.br\/acertar\/bloco-estrutural\/#breadcrumb"},"inLanguage":"pt-BR","potentialAction":[{"@type":"ReadAction","target":["https:\/\/www.acertar.org.br\/acertar\/bloco-estrutural\/"]}]},{"@type":"BreadcrumbList","@id":"https:\/\/www.acertar.org.br\/acertar\/bloco-estrutural\/#breadcrumb","itemListElement":[{"@type":"ListItem","position":1,"name":"In\u00edcio","item":"https:\/\/www.acertar.org.br\/acertar\/"},{"@type":"ListItem","position":2,"name":"Associados &#8211; Blocos Estruturais"}]},{"@type":"WebSite","@id":"https:\/\/www.acertar.org.br\/acertar\/#website","url":"https:\/\/www.acertar.org.br\/acertar\/","name":"Bloco Ceramico-Tijolo-Telha-Laje-SP","description":"Associa\u00e7\u00e3o das Cer\u00e2micas de Tatu\u00ed e Regi\u00e3o","potentialAction":[{"@type":"SearchAction","target":{"@type":"EntryPoint","urlTemplate":"https:\/\/www.acertar.org.br\/acertar\/?s={search_term_string}"},"query-input":"required name=search_term_string"}],"inLanguage":"pt-BR"}]}},"_links":{"self":[{"href":"https:\/\/www.acertar.org.br\/acertar\/wp-json\/wp\/v2\/pages\/4805"}],"collection":[{"href":"https:\/\/www.acertar.org.br\/acertar\/wp-json\/wp\/v2\/pages"}],"about":[{"href":"https:\/\/www.acertar.org.br\/acertar\/wp-json\/wp\/v2\/types\/page"}],"author":[{"embeddable":true,"href":"https:\/\/www.acertar.org.br\/acertar\/wp-json\/wp\/v2\/users\/1"}],"replies":[{"embeddable":true,"href":"https:\/\/www.acertar.org.br\/acertar\/wp-json\/wp\/v2\/comments?post=4805"}],"version-history":[{"count":6,"href":"https:\/\/www.acertar.org.br\/acertar\/wp-json\/wp\/v2\/pages\/4805\/revisions"}],"predecessor-version":[{"id":4919,"href":"https:\/\/www.acertar.org.br\/acertar\/wp-json\/wp\/v2\/pages\/4805\/revisions\/4919"}],"wp:attachment":[{"href":"https:\/\/www.acertar.org.br\/acertar\/wp-json\/wp\/v2\/media?parent=4805"}],"curies":[{"name":"wp","href":"https:\/\/api.w.org\/{rel}","templated":true}]}}