{"id":4812,"date":"2015-03-03T21:00:41","date_gmt":"2015-03-03T21:00:41","guid":{"rendered":"http:\/\/www.acertar.org.br\/acertar\/?page_id=4812"},"modified":"2015-03-10T12:28:12","modified_gmt":"2015-03-10T12:28:12","slug":"associados-lajes","status":"publish","type":"page","link":"https:\/\/www.acertar.org.br\/acertar\/associados-lajes\/","title":{"rendered":"Associados &#8211; Lajes"},"content":{"rendered":"<div class=\"vc_row wpb_row vc_row-fluid   vc_custom_1425416138154\" ><div class=\"container\"><div class=\"row\">\n\t<div class=\"vc_col-sm-12 wpb_column vc_column_container\">\n\t\t<div class=\"wpb_wrapper\">\n\t\t\t\n\t<div class=\"wpb_single_image wpb_content_element vc_custom_1425990488669 wpb_animate_when_almost_visible wpb_left-to-right vc_align_left\">\n\t\t<div class=\"wpb_wrapper\">\n\t\t\t\n\t\t\t<img loading=\"lazy\" decoding=\"async\" class=\" vc_box_border_grey \" src=\"https:\/\/www.acertar.org.br\/wp-content\/uploads\/2012\/08\/lajes-550x192.jpg\" width=\"550\" height=\"192\" alt=\"lajes\" \/>\n\t\t<\/div> \n\t<\/div> \n\t\t<\/div> \n\t<\/div> \n<\/div><\/div><\/div><div class=\"vc_row wpb_row vc_row-fluid  \" ><div class=\"container\"><div class=\"row\">\n\t<div class=\"vc_col-sm-12 wpb_column vc_column_container\">\n\t\t<div class=\"wpb_wrapper\">\n\t\t\t<div class=\"vc_empty_space\"  style=\"height: 32px\" ><span class=\"vc_empty_space_inner\"><\/span><\/div>\n\n\n\t<div class=\"wpb_text_column wpb_content_element \">\n\t\t<div class=\"wpb_wrapper\">\n\t\t\t<p><strong>Cer\u00e2mica B\u00e1sica Ltda.<\/strong><\/p>\n<p>Endere\u00e7o: Rod. Dr. Floriano de Camargo Barros SP 143 . Km 1,5 &#8211; Bairro Passa Tr\u00eas<\/p>\n<p>Cep: 18285-000\u00a0\u00a0 Cidade:Ces\u00e1rio Lange\/SP<\/p>\n<p>Tel\/Fax: (15) 3246.3837 \/ 3246.3836 \/ 3246.3884<\/p>\n<p>E-mail:\u00a0<a href=\"mailto:contato@ceramicabasica.com.br\">contato@ceramicabasica.com.br<\/a><\/p>\n<p>Site:\u00a0<a href=\"http:\/\/www.ceramicabasica.com.br\">www.ceramicabasica.com.br<\/a><\/p>\n<p>&nbsp;<\/p>\n<p><strong>Cer\u00e2mica Caetano de Tatu\u00ed Ltda.<\/strong><\/p>\n<p>Endere\u00e7o: Rua Professor Jo\u00e3o Jubran N.\u00ba 151 B\u00ba S\u00e3o Conrado<\/p>\n<p>Cep: 18272-490\u00a0\u00a0 Cidade: Tatu\u00ed \/SP<\/p>\n<p>Tel: (15) 3251.6988 \/ 3251.5093<\/p>\n<p>E\u2013mail:\u00a0<a href=\"mailto:simone@redecaetano.com\">simone@redecaetano.com<\/a><\/p>\n<p>E\u2013mail:\u00a0<a href=\"mailto:paulosaroba@redecaetano.com\">paulosaroba@redecaetano.com<\/a><\/p>\n<p>Site:\u00a0<a href=\"http:\/\/www.redecaetano.com\">www.redecaetano.com<\/a><\/p>\n<p>&nbsp;<\/p>\n<p><strong>Cer\u00e2mica Cirineu Ltda.\u00a0<\/strong><\/p>\n<p>Endere\u00e7o: Rodovia Antonio Romano Schincariol S\/N Km 115 B\u00ba Jardim Wanderley<\/p>\n<p>Cep: 18270-970\u00a0\u00a0 Cidade: Tatu\u00ed\/SP<\/p>\n<p>Tel\/Fax: (15) 3251-2888<\/p>\n<p>E-mail:\u00a0<a href=\"mailto:vendas@ceramicacirineu.com.br\">vendas@ceramicacirineu.com.br<\/a><\/p>\n<p>Site:\u00a0<a href=\"http:\/\/www.ceramicacirineu.com.br\">www.ceramicacirineu.com.br<\/a><\/p>\n<p>&nbsp;<\/p>\n<p><strong>Cer\u00e2mica Del Fante Ltda.\u00a0\u00a0\u00a0<\/strong><\/p>\n<p>Endere\u00e7o: Rua Jose Antonio de Souza n \u00ba 855 &#8211; B\u00ba Parque San Rafael<\/p>\n<p>Cep:18274-030\u00a0\u00a0 Cidade: Tatu\u00ed\/SP<\/p>\n<p>Tel: (15) 3251.1919 \/ 3259.5748<\/p>\n<p>E-mail:\u00a0<a href=\"mailto:vendas@ceramicadelfante.com.br\">vendas@ceramicadelfante.com.br<\/a><\/p>\n<p>&nbsp;<\/p>\n<p><strong>Cer\u00e2mica Endo Ltda<\/strong><\/p>\n<p>Endere\u00e7o: Rodovia Mario Batista Mori, 3801 \u2013 km 3,5<\/p>\n<p>Cep: 18.280-000\u00a0\u00a0 Caixa Postal:128\u00a0\u00a0 Cidade: Tatu\u00ed \/SP<\/p>\n<p>Tel: (15) 3451.1010 \/ 3251.5262<\/p>\n<p>E-mail:\u00a0<a href=\"mailto:vendas@ceramicaendo.com.br\">vendas@ceramicaendo.com.br<\/a><\/p>\n<p>Site:\u00a0<a href=\"http:\/\/www.ceramicaendo.com.br\">www.ceramicaendo.com.br<\/a><\/p>\n<p>&nbsp;<\/p>\n<p><strong>Cer\u00e2mica Endo II Ltda.<\/strong><\/p>\n<p>Endere\u00e7o: Rodovia Mario Batista Mori, 3801 \u2013 km 3,5<\/p>\n<p>Cep: 18.280-000\u00a0\u00a0 Caixa Postal:128\u00a0\u00a0 Cidade: Tatu\u00ed \/SP<\/p>\n<p>Tel: (15) 3451.1010 \/ 3251.5262<\/p>\n<p>E-mail:\u00a0<a href=\"mailto:vendas@ceramicaendo.com.br\">vendas@ceramicaendo.com.br<\/a><\/p>\n<p>Site:\u00a0<a href=\"http:\/\/www.ceramicaendo.com.br\">www.ceramicaendo.com.br<\/a><\/p>\n<p>&nbsp;<\/p>\n<p><strong>Cer\u00e2mica Faulim Ltda.<\/strong><strong>\u00a0 \u00a0 \u00a0 \u00a0 \u00a0 \u00a0 \u00a0 \u00a0 \u00a0 \u00a0 \u00a0 \u00a0 \u00a0 \u00a0 \u00a0 \u00a0 \u00a0 \u00a0 \u00a0 \u00a0 \u00a0 \u00a0 \u00a0 \u00a0 \u00a0 \u00a0 \u00a0 \u00a0 \u00a0 \u00a0 \u00a0 \u00a0 \u00a0 \u00a0 \u00a0 \u00a0 \u00a0 \u00a0 \u00a0 \u00a0 \u00a0 \u00a0 \u00a0 \u00a0 \u00a0 \u00a0\u00a0<\/strong><\/p>\n<p>Endere\u00e7o: Rodovia Marechal Rondon Km 165 Caixa postal: 55<\/p>\n<p>Cep: 18.535-000\u00a0\u00a0 Cidade: Jumirim-SP<\/p>\n<p>Tel\/Fax: (15) 3286-8000 \/ 3286.1108<\/p>\n<p>E-mail:\u00a0<a href=\"mailto:lajotas@faulim.com.br\">lajotas@faulim.com.br<\/a><\/p>\n<p>Site:\u00a0<a href=\"http:\/\/www.faulim.com.br\">www.faulim.com.br<\/a><\/p>\n<p>&nbsp;<\/p>\n<p><strong>Ind\u00fastria Cer\u00e2mica Futura de Tatu\u00ed Ltda.<\/strong><\/p>\n<p>Endere\u00e7o: Rua Jos\u00e9 Sinisgalli n\u00ba 320 B\u00ba Vale da Lua<\/p>\n<p>Cep: 18.273-600\u00a0\u00a0 Cidade: Tatu\u00ed\/SP<\/p>\n<p>Tel\/Fax: (15) 3251.6766 \/ 3251.6072<\/p>\n<p>E-mail:\u00a0<a href=\"mailto:rc.futura@gmail.com\">rc.futura@gmail.com<\/a><\/p>\n<p>&nbsp;<\/p>\n<p><strong>Cer\u00e2mica JF Ltda.\u00a0<\/strong><\/p>\n<p>Endere\u00e7o: Estrada do Caaguass\u00fa S\/N\u00ba<\/p>\n<p>Correspond\u00eancia: Rua Capit\u00e3o Lisboa, 715, 5\u00ba andar &#8211; sala 54<\/p>\n<p>Cep: 18.270-070\u00a0\u00a0 Cidade: Tatu\u00ed-SP<\/p>\n<p>Tel\/ (15) 3251-2200 Fax: 3251-2513<\/p>\n<p>E-mail:\u00a0<a href=\"mailto:ceramicajf@gmail.com\">ceramicajf@gmail.com<\/a><\/p>\n<p>&nbsp;<\/p>\n<p><strong>Cer\u00e2mica Mari\u00e1h Ltda.<\/strong><\/p>\n<p>Endere\u00e7o: Estrada Tatu\u00ed \u2013 Alambari S\/N Km 04 &#8211; Bairro Tanquinho<\/p>\n<p>Cep: 18.270-970\u00a0\u00a0\u00a0\u00a0\u00a0\u00a0 Caixa Postal: 157\u00a0\u00a0 Cidade: Tatu\u00ed-SP<\/p>\n<p>Tel: (15) 3251-6005 \/ 3251-3718<\/p>\n<p>E-mail:\u00a0<a href=\"mailto:ceramicamariah@hotmail.com\">ceramicamariah@hotmail.com<\/a><\/p>\n<p>&nbsp;<\/p>\n<p><strong>Cer\u00e2mica M\u00f4naco Ltda.<\/strong><\/p>\n<p>Endere\u00e7o: Rodovia Senador Laurindo D. Minhoto Km 26<\/p>\n<p>Cep: 18.270-992\u00a0\u00a0\u00a0\u00a0\u00a0\u00a0 Caixa Postal: 221\u00a0\u00a0 Cidade: Tatu\u00ed-SP<\/p>\n<p>Tel\/Fax: (15) 3251-6060<\/p>\n<p>E-mail:\u00a0<a href=\"mailto:vendas@ceramicamonaco.com.br\">vendas@ceramicamonaco.com.br<\/a><\/p>\n<p>Site:\u00a0<a href=\"http:\/\/www.ceramicamonaco.com.br\">www.ceramicamonaco.com.br<\/a><\/p>\n<p>&nbsp;<\/p>\n<p><strong>Cer\u00e2mica Nova Conquista de Tatu\u00ed Ltda.<\/strong><\/p>\n<p>Endere\u00e7o: Rodovia M\u00e1rio Batista Mori Km 33,1<\/p>\n<p>Cep: 18.270-970\u00a0\u00a0 Caixa Postal:122\u00a0\u00a0 Cidade: Tatu\u00ed-SP<\/p>\n<p>Tel\/Fax(15) 3322.8400<\/p>\n<p>E-mail:\u00a0<a href=\"mailto:vendas@ceramicanovaconquista.com.br\">vendas@ceramicanovaconquista.com.br<\/a><\/p>\n<p>&nbsp;<\/p>\n<p><strong>Cer\u00e2mica Nova Firenze Ltda.<\/strong><\/p>\n<p>Endere\u00e7o: Estrada Municipal Tatui\/Laranjal Paulista S\/N B\u00ba Rio das Pedras<\/p>\n<p>Cep: 18.270-970\u00a0\u00a0\u00a0\u00a0\u00a0\u00a0 Caixa Postal: 78\u00a0\u00a0 Cidade: Tatu\u00ed\/SP<\/p>\n<p>Tel: (15) 3251.7924 \/ 3251.5431<\/p>\n<p>E-mail:\u00a0<a href=\"mailto:vendas@novafirenze.com.br\">vendas@novafirenze.com.br<\/a><\/p>\n<p>Site:\u00a0<a href=\"http:\/\/www.novafirenze.com.br\">www.novafirenze.com.br<\/a><\/p>\n<p>&nbsp;<\/p>\n<p><strong>Cer\u00e2mica Nova Uni\u00e3o de Tatu\u00ed Ltda.<\/strong><\/p>\n<p>Endere\u00e7o: Rodovia M\u00e1rio Batista Mori, Km 33<\/p>\n<p>Cep: 18.270-970\u00a0\u00a0\u00a0\u00a0\u00a0\u00a0 Caixa Postal: 122\u00a0\u00a0 Cidade: Tatu\u00ed-SP<\/p>\n<p>Tel\/Fax (15) 3322.8400<\/p>\n<p>E-mail:\u00a0<a href=\"mailto:novauniaotatui@hotmail.com\">novauniaotatui@hotmail.com<\/a><\/p>\n<p>&nbsp;<\/p>\n<p><strong>Cer\u00e2mica Sgorlon Ltda.<\/strong><\/p>\n<p>Endere\u00e7o: Rodovia Ant\u00f4nio Romano Schincariol SP 127 Km 117,5<\/p>\n<p>Correspond\u00eancia: Rua Maestro Chico Isa\u00edas, 364 B\u00ba Jd. Junqueira<\/p>\n<p>Cep: 18271-280\u00a0\u00a0 Cidade: Tatu\u00ed-SP<\/p>\n<p>Tel\/Fax: (15) 3251-2762<\/p>\n<p>E-mail:\u00a0<a href=\"mailto:sgorlon@fasternet.com.br\">sgorlon@fasternet.com.br<\/a><\/p>\n<p>&nbsp;<\/p>\n<p><strong>Cer\u00e2mica Souzatex de Tatu\u00ed Ltda.\u00a0\u00a0\u00a0<\/strong><\/p>\n<p>Endere\u00e7o: Rua 10 de maio, 380\/400 &#8211; B\u00ba Vila Sta. Luzia<\/p>\n<p>Cep: 18.273-350\u00a0\u00a0 Cidade: Tatu\u00ed-SP<\/p>\n<p>Tel\/Fax: (15) 3251-5966<\/p>\n<p>E-mail:\u00a0<a href=\"mailto:vendas.souzatex@hotmail.com\">vendas.souzatex@hotmail.com<\/a><\/p>\n<p>Site:\u00a0<a href=\"http:\/\/www.ceramicasouzatex.com.br\">www.ceramicasouzatex.com.br<\/a><\/p>\n<p><strong>\u00a0<\/strong><\/p>\n<p><strong>Tatuiblocos Cer\u00e2mica Ltda.<\/strong><\/p>\n<p>Endere\u00e7o: Rua Jos\u00e9 Antonio de Souza n\u00ba 1255 &#8211; Bairro S\u00e3o Lazaro<\/p>\n<p>Cep: 18274-030 Caixa Postal: 273\u00a0\u00a0 Cidade: Tatu\u00ed\/SP<\/p>\n<p>Tel\/fax: (15) 3305.6535<\/p>\n<p>E-mail:\u00a0<a href=\"mailto:ceramicatatuiblocos@hotmail.com\">ceramicatatuiblocos@hotmail.com<\/a><\/p>\n<p>&nbsp;<\/p>\n<p><strong>Vibeoli Cer\u00e2mica Ltda.<\/strong><\/p>\n<p>Endere\u00e7o: Rodovia SP 141 Km 45 B\u00ba Aleluia<\/p>\n<p>Cep: 18285-000\u00a0\u00a0\u00a0\u00a0\u00a0\u00a0\u00a0\u00a0 Caixa Postal: 100\u00a0\u00a0\u00a0\u00a0 Cidade: Ces\u00e1rio Lange<\/p>\n<p>Tel\/Fax: (15) 3246.1515<\/p>\n<p>E-mail:\u00a0<a href=\"mailto:vendas@ceramicavibeoli.com.br\">vendas@ceramicavibeoli.com.br<\/a><\/p>\n<p>Site:\u00a0<a href=\"http:\/\/www.ceramicavibeoli.com.br\">www.ceramicavibeoli.com.br<\/a><\/p>\n\n\t\t<\/div> \n\t<\/div> \n\t\t<\/div> \n\t<\/div> \n<\/div><\/div><\/div><div class=\"vc_row wpb_row vc_row-fluid  \" ><div class=\"container\"><div class=\"row\">\n\t<div class=\"vc_col-sm-12 wpb_column vc_column_container\">\n\t\t<div class=\"wpb_wrapper\">\n\t\t\t<div class=\"vc_empty_space\"  style=\"height: 32px\" ><span class=\"vc_empty_space_inner\"><\/span><\/div>\n\n\n\t\t<\/div> \n\t<\/div> \n<\/div><\/div><\/div>\n","protected":false},"excerpt":{"rendered":"Cer\u00e2mica B\u00e1sica Ltda. Endere\u00e7o: Rod. Dr. Floriano de Camargo Barros SP 143 . Km 1,5 - Bairro Passa Tr\u00eas Cep: 18285-000\u00a0\u00a0 Cidade:Ces\u00e1rio Lange\/SP Tel\/Fax: (15) 3246.3837 \/ 3246.3836 \/ 3246.3884...","protected":false},"author":1,"featured_media":0,"parent":0,"menu_order":0,"comment_status":"open","ping_status":"open","template":"template-minimal-page.php","meta":{"footnotes":""},"yoast_head":"<!-- This site is optimized with the Yoast SEO plugin v22.8 - https:\/\/yoast.com\/wordpress\/plugins\/seo\/ -->\n<title>Associados - Lajes - Bloco Ceramico-Tijolo-Telha-Laje-SP<\/title>\n<meta name=\"robots\" content=\"index, follow, max-snippet:-1, max-image-preview:large, max-video-preview:-1\" \/>\n<link rel=\"canonical\" href=\"https:\/\/www.acertar.org.br\/acertar\/associados-lajes\/\" \/>\n<meta property=\"og:locale\" content=\"pt_BR\" \/>\n<meta property=\"og:type\" content=\"article\" \/>\n<meta property=\"og:title\" content=\"Associados - Lajes - Bloco Ceramico-Tijolo-Telha-Laje-SP\" \/>\n<meta property=\"og:url\" content=\"https:\/\/www.acertar.org.br\/acertar\/associados-lajes\/\" \/>\n<meta property=\"og:site_name\" content=\"Bloco Ceramico-Tijolo-Telha-Laje-SP\" \/>\n<meta property=\"article:modified_time\" content=\"2015-03-10T12:28:12+00:00\" \/>\n<meta name=\"twitter:label1\" content=\"Est. tempo de leitura\" \/>\n\t<meta name=\"twitter:data1\" content=\"3 minutos\" \/>\n<script type=\"application\/ld+json\" class=\"yoast-schema-graph\">{\"@context\":\"https:\/\/schema.org\",\"@graph\":[{\"@type\":\"WebPage\",\"@id\":\"https:\/\/www.acertar.org.br\/acertar\/associados-lajes\/\",\"url\":\"https:\/\/www.acertar.org.br\/acertar\/associados-lajes\/\",\"name\":\"Associados - Lajes - Bloco Ceramico-Tijolo-Telha-Laje-SP\",\"isPartOf\":{\"@id\":\"https:\/\/www.acertar.org.br\/acertar\/#website\"},\"datePublished\":\"2015-03-03T21:00:41+00:00\",\"dateModified\":\"2015-03-10T12:28:12+00:00\",\"breadcrumb\":{\"@id\":\"https:\/\/www.acertar.org.br\/acertar\/associados-lajes\/#breadcrumb\"},\"inLanguage\":\"pt-BR\",\"potentialAction\":[{\"@type\":\"ReadAction\",\"target\":[\"https:\/\/www.acertar.org.br\/acertar\/associados-lajes\/\"]}]},{\"@type\":\"BreadcrumbList\",\"@id\":\"https:\/\/www.acertar.org.br\/acertar\/associados-lajes\/#breadcrumb\",\"itemListElement\":[{\"@type\":\"ListItem\",\"position\":1,\"name\":\"In\u00edcio\",\"item\":\"https:\/\/www.acertar.org.br\/acertar\/\"},{\"@type\":\"ListItem\",\"position\":2,\"name\":\"Associados &#8211; Lajes\"}]},{\"@type\":\"WebSite\",\"@id\":\"https:\/\/www.acertar.org.br\/acertar\/#website\",\"url\":\"https:\/\/www.acertar.org.br\/acertar\/\",\"name\":\"Bloco Ceramico-Tijolo-Telha-Laje-SP\",\"description\":\"Associa\u00e7\u00e3o das Cer\u00e2micas de Tatu\u00ed e Regi\u00e3o\",\"potentialAction\":[{\"@type\":\"SearchAction\",\"target\":{\"@type\":\"EntryPoint\",\"urlTemplate\":\"https:\/\/www.acertar.org.br\/acertar\/?s={search_term_string}\"},\"query-input\":\"required name=search_term_string\"}],\"inLanguage\":\"pt-BR\"}]}<\/script>\n<!-- \/ Yoast SEO plugin. -->","yoast_head_json":{"title":"Associados - Lajes - Bloco Ceramico-Tijolo-Telha-Laje-SP","robots":{"index":"index","follow":"follow","max-snippet":"max-snippet:-1","max-image-preview":"max-image-preview:large","max-video-preview":"max-video-preview:-1"},"canonical":"https:\/\/www.acertar.org.br\/acertar\/associados-lajes\/","og_locale":"pt_BR","og_type":"article","og_title":"Associados - Lajes - Bloco Ceramico-Tijolo-Telha-Laje-SP","og_url":"https:\/\/www.acertar.org.br\/acertar\/associados-lajes\/","og_site_name":"Bloco Ceramico-Tijolo-Telha-Laje-SP","article_modified_time":"2015-03-10T12:28:12+00:00","twitter_misc":{"Est. tempo de leitura":"3 minutos"},"schema":{"@context":"https:\/\/schema.org","@graph":[{"@type":"WebPage","@id":"https:\/\/www.acertar.org.br\/acertar\/associados-lajes\/","url":"https:\/\/www.acertar.org.br\/acertar\/associados-lajes\/","name":"Associados - Lajes - Bloco Ceramico-Tijolo-Telha-Laje-SP","isPartOf":{"@id":"https:\/\/www.acertar.org.br\/acertar\/#website"},"datePublished":"2015-03-03T21:00:41+00:00","dateModified":"2015-03-10T12:28:12+00:00","breadcrumb":{"@id":"https:\/\/www.acertar.org.br\/acertar\/associados-lajes\/#breadcrumb"},"inLanguage":"pt-BR","potentialAction":[{"@type":"ReadAction","target":["https:\/\/www.acertar.org.br\/acertar\/associados-lajes\/"]}]},{"@type":"BreadcrumbList","@id":"https:\/\/www.acertar.org.br\/acertar\/associados-lajes\/#breadcrumb","itemListElement":[{"@type":"ListItem","position":1,"name":"In\u00edcio","item":"https:\/\/www.acertar.org.br\/acertar\/"},{"@type":"ListItem","position":2,"name":"Associados &#8211; Lajes"}]},{"@type":"WebSite","@id":"https:\/\/www.acertar.org.br\/acertar\/#website","url":"https:\/\/www.acertar.org.br\/acertar\/","name":"Bloco Ceramico-Tijolo-Telha-Laje-SP","description":"Associa\u00e7\u00e3o das Cer\u00e2micas de Tatu\u00ed e Regi\u00e3o","potentialAction":[{"@type":"SearchAction","target":{"@type":"EntryPoint","urlTemplate":"https:\/\/www.acertar.org.br\/acertar\/?s={search_term_string}"},"query-input":"required name=search_term_string"}],"inLanguage":"pt-BR"}]}},"_links":{"self":[{"href":"https:\/\/www.acertar.org.br\/acertar\/wp-json\/wp\/v2\/pages\/4812"}],"collection":[{"href":"https:\/\/www.acertar.org.br\/acertar\/wp-json\/wp\/v2\/pages"}],"about":[{"href":"https:\/\/www.acertar.org.br\/acertar\/wp-json\/wp\/v2\/types\/page"}],"author":[{"embeddable":true,"href":"https:\/\/www.acertar.org.br\/acertar\/wp-json\/wp\/v2\/users\/1"}],"replies":[{"embeddable":true,"href":"https:\/\/www.acertar.org.br\/acertar\/wp-json\/wp\/v2\/comments?post=4812"}],"version-history":[{"count":4,"href":"https:\/\/www.acertar.org.br\/acertar\/wp-json\/wp\/v2\/pages\/4812\/revisions"}],"predecessor-version":[{"id":4920,"href":"https:\/\/www.acertar.org.br\/acertar\/wp-json\/wp\/v2\/pages\/4812\/revisions\/4920"}],"wp:attachment":[{"href":"https:\/\/www.acertar.org.br\/acertar\/wp-json\/wp\/v2\/media?parent=4812"}],"curies":[{"name":"wp","href":"https:\/\/api.w.org\/{rel}","templated":true}]}}