{"id":9,"date":"2015-01-27T12:02:53","date_gmt":"2015-01-27T12:02:53","guid":{"rendered":"http:\/\/www.acertar.org.br\/acertar\/?page_id=9"},"modified":"2024-07-03T18:30:52","modified_gmt":"2024-07-03T18:30:52","slug":"diretoria","status":"publish","type":"page","link":"https:\/\/www.acertar.org.br\/acertar\/sobre-a-acertar\/diretoria\/","title":{"rendered":"Diretoria"},"content":{"rendered":"<p><img decoding=\"async\" class=\"alignnone\" src=\"http:\/\/www.acertar.org.br\/wp-content\/uploads\/2015\/01\/LogoAcertar_220x220.png\" \/><\/p>\n<p>ACERTAR, Associa\u00e7\u00e3o das Cer\u00e2micas de Tatu\u00ed e Regi\u00e3o.<\/p>\n<p>Diretoria e Conselho Fiscal para o per\u00edodo de 01 de janeiro de 2024 a 31 de dezembro de 2024:<\/p>\n<p>&nbsp;<\/p>\n<p><strong>DIRETORIA:<\/strong><\/p>\n<p>Presidente: Pedro Augusto Miranda<\/p>\n<p>Vice-Presidente: Elpidio Nivoloni Junior<\/p>\n<p>1\u00ba Tesoureiro: Carlos Henrique Gianfrancesco<\/p>\n<p>2\u00ba Tesoureiro: Arnaldo Gomes de Souza<\/p>\n<p>1\u00ba Secret\u00e1rio: Constantino Frollini Neto<\/p>\n<p>2\u00ba Secret\u00e1rio: Benedito L\u00e1zaro Zaratin<\/p>\n<p>&nbsp;<\/p>\n<p><strong>CONSELHO FISCAL:<\/strong><\/p>\n<p>Jonas Caetano Filho<\/p>\n<p>Marco Antonio Cantarim<\/p>\n<p>Juliano Contesini Nivoloni<\/p>\n<p>Tiago Aparecido Faulim<\/p>\n<p>Reginaldo Vieira de Camargo<\/p>\n<p>Rafael Carvalho de Oliveira Corradi<\/p>\n<p>&nbsp;<\/p>\n<p>&nbsp;<\/p>\n","protected":false},"excerpt":{"rendered":"<p>ACERTAR, Associa\u00e7\u00e3o das Cer\u00e2micas de Tatu\u00ed e Regi\u00e3o. Diretoria e Conselho Fiscal para o per\u00edodo de 01 de janeiro de 2024 a 31 de dezembro de 2024: &nbsp; DIRETORIA: Presidente:&#8230;<\/p>\n","protected":false},"author":1,"featured_media":0,"parent":4,"menu_order":1,"comment_status":"open","ping_status":"open","template":"","meta":{"footnotes":""},"yoast_head":"<!-- This site is optimized with the Yoast SEO plugin v22.8 - https:\/\/yoast.com\/wordpress\/plugins\/seo\/ -->\n<title>Diretoria - Bloco Ceramico-Tijolo-Telha-Laje-SP<\/title>\n<meta name=\"robots\" content=\"index, follow, max-snippet:-1, max-image-preview:large, max-video-preview:-1\" \/>\n<link rel=\"canonical\" href=\"https:\/\/www.acertar.org.br\/acertar\/sobre-a-acertar\/diretoria\/\" \/>\n<meta property=\"og:locale\" content=\"pt_BR\" \/>\n<meta property=\"og:type\" content=\"article\" \/>\n<meta property=\"og:title\" content=\"Diretoria - Bloco Ceramico-Tijolo-Telha-Laje-SP\" \/>\n<meta property=\"og:description\" content=\"ACERTAR, Associa\u00e7\u00e3o das Cer\u00e2micas de Tatu\u00ed e Regi\u00e3o. Diretoria e Conselho Fiscal para o per\u00edodo de 01 de janeiro de 2024 a 31 de dezembro de 2024: &nbsp; DIRETORIA: Presidente:...\" \/>\n<meta property=\"og:url\" content=\"https:\/\/www.acertar.org.br\/acertar\/sobre-a-acertar\/diretoria\/\" \/>\n<meta property=\"og:site_name\" content=\"Bloco Ceramico-Tijolo-Telha-Laje-SP\" \/>\n<meta property=\"article:modified_time\" content=\"2024-07-03T18:30:52+00:00\" \/>\n<meta property=\"og:image\" content=\"http:\/\/www.acertar.org.br\/wp-content\/uploads\/2015\/01\/LogoAcertar_220x220.png\" \/>\n<meta name=\"twitter:label1\" content=\"Est. tempo de leitura\" \/>\n\t<meta name=\"twitter:data1\" content=\"1 minuto\" \/>\n<script type=\"application\/ld+json\" class=\"yoast-schema-graph\">{\"@context\":\"https:\/\/schema.org\",\"@graph\":[{\"@type\":\"WebPage\",\"@id\":\"https:\/\/www.acertar.org.br\/acertar\/sobre-a-acertar\/diretoria\/\",\"url\":\"https:\/\/www.acertar.org.br\/acertar\/sobre-a-acertar\/diretoria\/\",\"name\":\"Diretoria - Bloco Ceramico-Tijolo-Telha-Laje-SP\",\"isPartOf\":{\"@id\":\"https:\/\/www.acertar.org.br\/acertar\/#website\"},\"primaryImageOfPage\":{\"@id\":\"https:\/\/www.acertar.org.br\/acertar\/sobre-a-acertar\/diretoria\/#primaryimage\"},\"image\":{\"@id\":\"https:\/\/www.acertar.org.br\/acertar\/sobre-a-acertar\/diretoria\/#primaryimage\"},\"thumbnailUrl\":\"http:\/\/www.acertar.org.br\/wp-content\/uploads\/2015\/01\/LogoAcertar_220x220.png\",\"datePublished\":\"2015-01-27T12:02:53+00:00\",\"dateModified\":\"2024-07-03T18:30:52+00:00\",\"breadcrumb\":{\"@id\":\"https:\/\/www.acertar.org.br\/acertar\/sobre-a-acertar\/diretoria\/#breadcrumb\"},\"inLanguage\":\"pt-BR\",\"potentialAction\":[{\"@type\":\"ReadAction\",\"target\":[\"https:\/\/www.acertar.org.br\/acertar\/sobre-a-acertar\/diretoria\/\"]}]},{\"@type\":\"ImageObject\",\"inLanguage\":\"pt-BR\",\"@id\":\"https:\/\/www.acertar.org.br\/acertar\/sobre-a-acertar\/diretoria\/#primaryimage\",\"url\":\"http:\/\/www.acertar.org.br\/wp-content\/uploads\/2015\/01\/LogoAcertar_220x220.png\",\"contentUrl\":\"http:\/\/www.acertar.org.br\/wp-content\/uploads\/2015\/01\/LogoAcertar_220x220.png\"},{\"@type\":\"BreadcrumbList\",\"@id\":\"https:\/\/www.acertar.org.br\/acertar\/sobre-a-acertar\/diretoria\/#breadcrumb\",\"itemListElement\":[{\"@type\":\"ListItem\",\"position\":1,\"name\":\"In\u00edcio\",\"item\":\"https:\/\/www.acertar.org.br\/acertar\/\"},{\"@type\":\"ListItem\",\"position\":2,\"name\":\"Sobre a Acertar\",\"item\":\"https:\/\/www.acertar.org.br\/acertar\/sobre-a-acertar\/\"},{\"@type\":\"ListItem\",\"position\":3,\"name\":\"Diretoria\"}]},{\"@type\":\"WebSite\",\"@id\":\"https:\/\/www.acertar.org.br\/acertar\/#website\",\"url\":\"https:\/\/www.acertar.org.br\/acertar\/\",\"name\":\"Bloco Ceramico-Tijolo-Telha-Laje-SP\",\"description\":\"Associa\u00e7\u00e3o das Cer\u00e2micas de Tatu\u00ed e Regi\u00e3o\",\"potentialAction\":[{\"@type\":\"SearchAction\",\"target\":{\"@type\":\"EntryPoint\",\"urlTemplate\":\"https:\/\/www.acertar.org.br\/acertar\/?s={search_term_string}\"},\"query-input\":\"required name=search_term_string\"}],\"inLanguage\":\"pt-BR\"}]}<\/script>\n<!-- \/ Yoast SEO plugin. -->","yoast_head_json":{"title":"Diretoria - Bloco Ceramico-Tijolo-Telha-Laje-SP","robots":{"index":"index","follow":"follow","max-snippet":"max-snippet:-1","max-image-preview":"max-image-preview:large","max-video-preview":"max-video-preview:-1"},"canonical":"https:\/\/www.acertar.org.br\/acertar\/sobre-a-acertar\/diretoria\/","og_locale":"pt_BR","og_type":"article","og_title":"Diretoria - Bloco Ceramico-Tijolo-Telha-Laje-SP","og_description":"ACERTAR, Associa\u00e7\u00e3o das Cer\u00e2micas de Tatu\u00ed e Regi\u00e3o. Diretoria e Conselho Fiscal para o per\u00edodo de 01 de janeiro de 2024 a 31 de dezembro de 2024: &nbsp; DIRETORIA: Presidente:...","og_url":"https:\/\/www.acertar.org.br\/acertar\/sobre-a-acertar\/diretoria\/","og_site_name":"Bloco Ceramico-Tijolo-Telha-Laje-SP","article_modified_time":"2024-07-03T18:30:52+00:00","og_image":[{"url":"http:\/\/www.acertar.org.br\/wp-content\/uploads\/2015\/01\/LogoAcertar_220x220.png"}],"twitter_misc":{"Est. tempo de leitura":"1 minuto"},"schema":{"@context":"https:\/\/schema.org","@graph":[{"@type":"WebPage","@id":"https:\/\/www.acertar.org.br\/acertar\/sobre-a-acertar\/diretoria\/","url":"https:\/\/www.acertar.org.br\/acertar\/sobre-a-acertar\/diretoria\/","name":"Diretoria - Bloco Ceramico-Tijolo-Telha-Laje-SP","isPartOf":{"@id":"https:\/\/www.acertar.org.br\/acertar\/#website"},"primaryImageOfPage":{"@id":"https:\/\/www.acertar.org.br\/acertar\/sobre-a-acertar\/diretoria\/#primaryimage"},"image":{"@id":"https:\/\/www.acertar.org.br\/acertar\/sobre-a-acertar\/diretoria\/#primaryimage"},"thumbnailUrl":"http:\/\/www.acertar.org.br\/wp-content\/uploads\/2015\/01\/LogoAcertar_220x220.png","datePublished":"2015-01-27T12:02:53+00:00","dateModified":"2024-07-03T18:30:52+00:00","breadcrumb":{"@id":"https:\/\/www.acertar.org.br\/acertar\/sobre-a-acertar\/diretoria\/#breadcrumb"},"inLanguage":"pt-BR","potentialAction":[{"@type":"ReadAction","target":["https:\/\/www.acertar.org.br\/acertar\/sobre-a-acertar\/diretoria\/"]}]},{"@type":"ImageObject","inLanguage":"pt-BR","@id":"https:\/\/www.acertar.org.br\/acertar\/sobre-a-acertar\/diretoria\/#primaryimage","url":"http:\/\/www.acertar.org.br\/wp-content\/uploads\/2015\/01\/LogoAcertar_220x220.png","contentUrl":"http:\/\/www.acertar.org.br\/wp-content\/uploads\/2015\/01\/LogoAcertar_220x220.png"},{"@type":"BreadcrumbList","@id":"https:\/\/www.acertar.org.br\/acertar\/sobre-a-acertar\/diretoria\/#breadcrumb","itemListElement":[{"@type":"ListItem","position":1,"name":"In\u00edcio","item":"https:\/\/www.acertar.org.br\/acertar\/"},{"@type":"ListItem","position":2,"name":"Sobre a Acertar","item":"https:\/\/www.acertar.org.br\/acertar\/sobre-a-acertar\/"},{"@type":"ListItem","position":3,"name":"Diretoria"}]},{"@type":"WebSite","@id":"https:\/\/www.acertar.org.br\/acertar\/#website","url":"https:\/\/www.acertar.org.br\/acertar\/","name":"Bloco Ceramico-Tijolo-Telha-Laje-SP","description":"Associa\u00e7\u00e3o das Cer\u00e2micas de Tatu\u00ed e Regi\u00e3o","potentialAction":[{"@type":"SearchAction","target":{"@type":"EntryPoint","urlTemplate":"https:\/\/www.acertar.org.br\/acertar\/?s={search_term_string}"},"query-input":"required name=search_term_string"}],"inLanguage":"pt-BR"}]}},"_links":{"self":[{"href":"https:\/\/www.acertar.org.br\/acertar\/wp-json\/wp\/v2\/pages\/9"}],"collection":[{"href":"https:\/\/www.acertar.org.br\/acertar\/wp-json\/wp\/v2\/pages"}],"about":[{"href":"https:\/\/www.acertar.org.br\/acertar\/wp-json\/wp\/v2\/types\/page"}],"author":[{"embeddable":true,"href":"https:\/\/www.acertar.org.br\/acertar\/wp-json\/wp\/v2\/users\/1"}],"replies":[{"embeddable":true,"href":"https:\/\/www.acertar.org.br\/acertar\/wp-json\/wp\/v2\/comments?post=9"}],"version-history":[{"count":20,"href":"https:\/\/www.acertar.org.br\/acertar\/wp-json\/wp\/v2\/pages\/9\/revisions"}],"predecessor-version":[{"id":5485,"href":"https:\/\/www.acertar.org.br\/acertar\/wp-json\/wp\/v2\/pages\/9\/revisions\/5485"}],"up":[{"embeddable":true,"href":"https:\/\/www.acertar.org.br\/acertar\/wp-json\/wp\/v2\/pages\/4"}],"wp:attachment":[{"href":"https:\/\/www.acertar.org.br\/acertar\/wp-json\/wp\/v2\/media?parent=9"}],"curies":[{"name":"wp","href":"https:\/\/api.w.org\/{rel}","templated":true}]}}